{"id":544,"date":"2026-01-08T14:54:37","date_gmt":"2026-01-08T14:54:37","guid":{"rendered":"https:\/\/www.curso.familiapimentel.com.br\/curso\/?page_id=544"},"modified":"2026-01-12T18:56:12","modified_gmt":"2026-01-12T18:56:12","slug":"modulo-6","status":"publish","type":"page","link":"https:\/\/www.curso.familiapimentel.com.br\/curso\/modulo-6\/","title":{"rendered":"M\u00f3dulo 6"},"content":{"rendered":"\t\t<div data-elementor-type=\"wp-page\" data-elementor-id=\"544\" class=\"elementor elementor-544\" data-elementor-post-type=\"page\">\n\t\t\t\t<div class=\"elementor-element elementor-element-1a6d9719 e-con-full e-flex e-con e-parent\" data-id=\"1a6d9719\" data-element_type=\"container\" data-e-type=\"container\" data-settings=\"{&quot;background_background&quot;:&quot;classic&quot;}\">\n\t\t<div class=\"elementor-element elementor-element-363844c7 e-con-full e-flex e-con e-child\" data-id=\"363844c7\" data-element_type=\"container\" data-e-type=\"container\">\n\t\t\t\t<div class=\"elementor-element elementor-element-41838e3b elementor-widget elementor-widget-image\" data-id=\"41838e3b\" data-element_type=\"widget\" data-e-type=\"widget\" data-widget_type=\"image.default\">\n\t\t\t\t\t\t\t\t\t\t\t\t\t\t\t<img fetchpriority=\"high\" decoding=\"async\" width=\"300\" height=\"300\" src=\"https:\/\/www.curso.familiapimentel.com.br\/curso\/wp-content\/uploads\/2026\/01\/Logo-_Zero-ao-Site_-300x300.jpeg\" class=\"attachment-medium size-medium wp-image-121\" alt=\"\" srcset=\"https:\/\/www.curso.familiapimentel.com.br\/curso\/wp-content\/uploads\/2026\/01\/Logo-_Zero-ao-Site_-300x300.jpeg 300w, https:\/\/www.curso.familiapimentel.com.br\/curso\/wp-content\/uploads\/2026\/01\/Logo-_Zero-ao-Site_-1024x1024.jpeg 1024w, https:\/\/www.curso.familiapimentel.com.br\/curso\/wp-content\/uploads\/2026\/01\/Logo-_Zero-ao-Site_-150x150.jpeg 150w, https:\/\/www.curso.familiapimentel.com.br\/curso\/wp-content\/uploads\/2026\/01\/Logo-_Zero-ao-Site_-768x768.jpeg 768w, https:\/\/www.curso.familiapimentel.com.br\/curso\/wp-content\/uploads\/2026\/01\/Logo-_Zero-ao-Site_-1536x1536.jpeg 1536w, https:\/\/www.curso.familiapimentel.com.br\/curso\/wp-content\/uploads\/2026\/01\/Logo-_Zero-ao-Site_.jpeg 2048w\" sizes=\"(max-width: 300px) 100vw, 300px\" \/>\t\t\t\t\t\t\t\t\t\t\t\t\t\t\t<\/div>\n\t\t\t\t<\/div>\n\t\t<div class=\"elementor-element elementor-element-12f65598 e-con-full e-flex e-con e-child\" data-id=\"12f65598\" data-element_type=\"container\" data-e-type=\"container\">\n\t\t\t\t<div class=\"elementor-element elementor-element-6cf00f17 elementor-widget elementor-widget-ekit-nav-menu\" data-id=\"6cf00f17\" data-element_type=\"widget\" data-e-type=\"widget\" data-widget_type=\"ekit-nav-menu.default\">\n\t\t\t\t<div class=\"elementor-widget-container\">\n\t\t\t\t\t\t\t<nav class=\"ekit-wid-con ekit_menu_responsive_mobile\"\n\t\t\tdata-hamburger-icon=\"\"\n\t\t\tdata-hamburger-icon-type=\"icon\"\n\t\t\tdata-responsive-breakpoint=\"767\">\n\t\t\t            <button class=\"elementskit-menu-hamburger elementskit-menu-toggler\"  type=\"button\" aria-label=\"hamburger-icon\">\n                                    <span class=\"elementskit-menu-hamburger-icon\"><\/span><span class=\"elementskit-menu-hamburger-icon\"><\/span><span class=\"elementskit-menu-hamburger-icon\"><\/span>\n                            <\/button>\n            <div id=\"ekit-megamenu-principal\" class=\"elementskit-menu-container elementskit-menu-offcanvas-elements elementskit-navbar-nav-default ekit-nav-menu-one-page-no ekit-nav-dropdown-hover\"><ul id=\"menu-principal\" class=\"elementskit-navbar-nav elementskit-menu-po-left submenu-click-on-icon\"><li id=\"menu-item-236\" class=\"menu-item menu-item-type-post_type menu-item-object-page menu-item-home menu-item-236 nav-item elementskit-mobile-builder-content\" data-vertical-menu=750px><a href=\"https:\/\/www.curso.familiapimentel.com.br\/curso\/\" class=\"ekit-menu-nav-link\">Home<\/a><\/li>\n<li id=\"menu-item-241\" class=\"menu-item menu-item-type-post_type menu-item-object-page menu-item-has-children menu-item-241 nav-item elementskit-dropdown-has relative_position elementskit-dropdown-menu-default_width elementskit-mobile-builder-content\" data-vertical-menu=750px><a href=\"https:\/\/www.curso.familiapimentel.com.br\/curso\/quem-somos\/\" class=\"ekit-menu-nav-link ekit-menu-dropdown-toggle\">Como Estudar<svg class=\"elementskit-submenu-indicator ekit-svg-icon icon-down-arrow1\" viewBox=\"0 0 32 32\" xmlns=\"http:\/\/www.w3.org\/2000\/svg\"><path d=\"M31.582 8.495c-0.578-0.613-1.544-0.635-2.153-0.059l-13.43 12.723-13.428-12.723c-0.61-0.578-1.574-0.553-2.153 0.059-0.579 0.611-0.553 1.576 0.058 2.155l14.477 13.715c0.293 0.277 0.67 0.418 1.047 0.418s0.756-0.14 1.048-0.418l14.477-13.715c0.611-0.579 0.637-1.544 0.058-2.155z\"><\/path><\/svg><\/a>\n<ul class=\"elementskit-dropdown elementskit-submenu-panel\">\n\t<li id=\"menu-item-238\" class=\"menu-item menu-item-type-post_type menu-item-object-page menu-item-238 nav-item elementskit-mobile-builder-content\" data-vertical-menu=750px><a href=\"https:\/\/www.curso.familiapimentel.com.br\/curso\/curiosidades\/\" class=\" dropdown-item\">Ajuda Importante<\/a><\/ul>\n<\/li>\n<li id=\"menu-item-388\" class=\"menu-item menu-item-type-custom menu-item-object-custom menu-item-has-children menu-item-388 nav-item elementskit-dropdown-has relative_position elementskit-dropdown-menu-default_width elementskit-mobile-builder-content\" data-vertical-menu=750px><a href=\"#\" class=\"ekit-menu-nav-link ekit-menu-dropdown-toggle\">Curso Completo<svg class=\"elementskit-submenu-indicator ekit-svg-icon icon-down-arrow1\" viewBox=\"0 0 32 32\" xmlns=\"http:\/\/www.w3.org\/2000\/svg\"><path d=\"M31.582 8.495c-0.578-0.613-1.544-0.635-2.153-0.059l-13.43 12.723-13.428-12.723c-0.61-0.578-1.574-0.553-2.153 0.059-0.579 0.611-0.553 1.576 0.058 2.155l14.477 13.715c0.293 0.277 0.67 0.418 1.047 0.418s0.756-0.14 1.048-0.418l14.477-13.715c0.611-0.579 0.637-1.544 0.058-2.155z\"><\/path><\/svg><\/a>\n<ul class=\"elementskit-dropdown elementskit-submenu-panel\">\n\t<li id=\"menu-item-239\" class=\"menu-item menu-item-type-post_type menu-item-object-page menu-item-239 nav-item elementskit-mobile-builder-content\" data-vertical-menu=750px><a href=\"https:\/\/www.curso.familiapimentel.com.br\/curso\/curso-modulos-0-e-1\/\" class=\" dropdown-item\">M\u00f3dulos 0 e 1<\/a>\t<li id=\"menu-item-436\" class=\"menu-item menu-item-type-post_type menu-item-object-page menu-item-436 nav-item elementskit-mobile-builder-content\" data-vertical-menu=750px><a href=\"https:\/\/www.curso.familiapimentel.com.br\/curso\/modulo-2\/\" class=\" dropdown-item\">M\u00f3dulo 2<\/a>\t<li id=\"menu-item-469\" class=\"menu-item menu-item-type-post_type menu-item-object-page menu-item-469 nav-item elementskit-mobile-builder-content\" data-vertical-menu=750px><a href=\"https:\/\/www.curso.familiapimentel.com.br\/curso\/modulo-3\/\" class=\" dropdown-item\">M\u00f3dulo 3<\/a>\t<li id=\"menu-item-499\" class=\"menu-item menu-item-type-post_type menu-item-object-page menu-item-499 nav-item elementskit-mobile-builder-content\" data-vertical-menu=750px><a href=\"https:\/\/www.curso.familiapimentel.com.br\/curso\/modulo-4\/\" class=\" dropdown-item\">M\u00f3dulo 4<\/a>\t<li id=\"menu-item-537\" class=\"menu-item menu-item-type-post_type menu-item-object-page menu-item-537 nav-item elementskit-mobile-builder-content\" data-vertical-menu=750px><a href=\"https:\/\/www.curso.familiapimentel.com.br\/curso\/modulo-5\/\" class=\" dropdown-item\">M\u00f3dulo 5<\/a>\t<li id=\"menu-item-562\" class=\"menu-item menu-item-type-post_type menu-item-object-page menu-item-562 nav-item elementskit-mobile-builder-content\" data-vertical-menu=750px><a href=\"https:\/\/www.curso.familiapimentel.com.br\/curso\/modulo-6\/\" class=\" dropdown-item\">M\u00f3dulo 6<\/a><\/ul>\n<\/li>\n<li id=\"menu-item-237\" class=\"menu-item menu-item-type-post_type menu-item-object-page menu-item-237 nav-item elementskit-mobile-builder-content\" data-vertical-menu=750px><a href=\"https:\/\/www.curso.familiapimentel.com.br\/curso\/contato\/\" class=\"ekit-menu-nav-link\">Contato<\/a><\/li>\n<\/ul><div class=\"elementskit-nav-identity-panel\"><button class=\"elementskit-menu-close elementskit-menu-toggler\" type=\"button\">X<\/button><\/div><\/div>\n\t\t\t<div class=\"elementskit-menu-overlay elementskit-menu-offcanvas-elements elementskit-menu-toggler ekit-nav-menu--overlay\"><\/div>        <\/nav>\n\t\t\t\t\t\t<\/div>\n\t\t\t\t<\/div>\n\t\t\t\t<\/div>\n\t\t\t\t<\/div>\n\t\t<div class=\"elementor-element elementor-element-211bca33 e-flex e-con-boxed e-con e-parent\" data-id=\"211bca33\" data-element_type=\"container\" data-e-type=\"container\">\n\t\t\t\t\t<div class=\"e-con-inner\">\n\t\t\t\t<div class=\"elementor-element elementor-element-94b713d elementor-widget elementor-widget-heading\" data-id=\"94b713d\" data-element_type=\"widget\" data-e-type=\"widget\" data-widget_type=\"heading.default\">\n\t\t\t\t\t<h2 class=\"elementor-heading-title elementor-size-default\">M\u00f3dulo 6<\/h2>\t\t\t\t<\/div>\n\t\t\t\t\t<\/div>\n\t\t\t\t<\/div>\n\t\t<div class=\"elementor-element elementor-element-55e2cad2 e-con-full e-flex elementor-invisible e-con e-parent\" data-id=\"55e2cad2\" data-element_type=\"container\" data-e-type=\"container\" data-settings=\"{&quot;background_background&quot;:&quot;classic&quot;,&quot;animation&quot;:&quot;zoomIn&quot;,&quot;animation_delay&quot;:1000}\">\n\t\t\t\t<div class=\"elementor-element elementor-element-1382d0fa elementor-widget elementor-widget-text-editor\" data-id=\"1382d0fa\" data-element_type=\"widget\" data-e-type=\"widget\" data-widget_type=\"text-editor.default\">\n\t\t\t\t\t\t\t\t\t<p><strong>\u00a0<\/strong><\/p><p><strong><img decoding=\"async\" class=\"aligncenter wp-image-121 size-thumbnail\" src=\"https:\/\/www.curso.familiapimentel.com.br\/curso\/wp-content\/uploads\/2026\/01\/Logo-_Zero-ao-Site_-150x150.jpeg\" alt=\"\" width=\"150\" height=\"150\" srcset=\"https:\/\/www.curso.familiapimentel.com.br\/curso\/wp-content\/uploads\/2026\/01\/Logo-_Zero-ao-Site_-150x150.jpeg 150w, https:\/\/www.curso.familiapimentel.com.br\/curso\/wp-content\/uploads\/2026\/01\/Logo-_Zero-ao-Site_-300x300.jpeg 300w, https:\/\/www.curso.familiapimentel.com.br\/curso\/wp-content\/uploads\/2026\/01\/Logo-_Zero-ao-Site_-1024x1024.jpeg 1024w, https:\/\/www.curso.familiapimentel.com.br\/curso\/wp-content\/uploads\/2026\/01\/Logo-_Zero-ao-Site_-768x768.jpeg 768w, https:\/\/www.curso.familiapimentel.com.br\/curso\/wp-content\/uploads\/2026\/01\/Logo-_Zero-ao-Site_-1536x1536.jpeg 1536w, https:\/\/www.curso.familiapimentel.com.br\/curso\/wp-content\/uploads\/2026\/01\/Logo-_Zero-ao-Site_.jpeg 2048w\" sizes=\"(max-width: 150px) 100vw, 150px\" \/><\/strong><\/p><p style=\"text-align: center;\"><strong>Curso B\u00e1sico de Cria\u00e7\u00e3o de Sites<\/strong><\/p><p style=\"text-align: center;\"><strong>Do Zero ao Site no Ar<\/strong><\/p><p><strong>Curso M\u00f3dulo 6<\/strong><\/p><p><strong>Manuten\u00e7\u00e3o, seguran\u00e7a e velocidade do seu site\u00a0 <\/strong><\/p><p><strong>ABERTURA DO M\u00d3DULO 6 <\/strong>\u00a0<\/p><p>\u201cBOA NOITE, MEUS DONOS DE SITE PROFISSIONAIS!!!\u00a0<\/p><p>Agora que seu site est\u00e1 lindo, no ar e com dom\u00ednio pr\u00f3prio\u2026\u00a0<\/p><p>chegou a hora de deixar ele blindado, r\u00e1pido e sempre atualizado.\u00a0<\/p><p>Porque site bom \u00e9 site que a gente cuida como se fosse uma plantinha:\u00a0<\/p><p>rega de vez em quando, coloca adubo e protege das pragas.<\/p><p>Hoje voc\u00ea vai aprender a fazer tudo isso sozinho, em poucos minutos por m\u00eas.\u201d<\/p><p>\u2500\u2500\u2500\u2500\u2500\u2500\u2500\u2500\u2500\u2500\u2500\u2500\u2500\u2500\u2500\u2500\u2500\u2500\u2500\u2500\u2500\u2500\u2500\u2500<\/p><p><strong>PARTE 1 \u2013 Backup autom\u00e1tico (nunca mais perca seu site)<\/strong><\/p><p>\u201cImagina acordar um dia e o site sumiu\u2026 pesadelo, n\u00e9?\u00a0<\/p><p>Com backup autom\u00e1tico isso nunca acontece.\u201d<\/p><p>Passo a passo na tela (WordPress):<\/p><ol><li>No painel \u2192 Plugins \u2192 Adicionar novo \u2192 busca \u201cUpdraftPlus\u201d\u00a0<\/li><li>Instalar \u2192 Ativar\u00a0<\/li><li>Abre o UpdraftPlus \u2192 Configura\u00e7\u00f5es\u00a0<\/li><li>Escolha destino: Google Drive (gratuito)\u00a0<\/li><li>Conecta sua conta Google (1 clique)\u00a0<\/li><li>Marca backup autom\u00e1tico semanal (ou di\u00e1rio se quiser)\u00a0<\/li><li>Salva \u2192 faz um backup manual agora mesmo\u00a0<\/li><li>Mostra o arquivo salvo no Google Drive<\/li><\/ol><p>\u201cPronto! Agora toda semana seu site faz c\u00f3pia de seguran\u00e7a sozinho.\u00a0<\/p><p>Se um dia der problema, \u00e9 s\u00f3 restaurar com 2 cliques.\u201d<\/p><p><a href=\"https:\/\/www.youtube.com\/watch?v=jcIUU2bwnak\" target=\"_blank\" rel=\"noopener\"><u><strong>Veja o v\u00eddeo<\/strong><\/u><\/a><\/p><p>\u2500\u2500\u2500\u2500\u2500\u2500\u2500\u2500\u2500\u2500\u2500\u2500\u2500\u2500\u2500\u2500\u2500\u2500\u2500\u2500\u2500\u2500\u2500\u2500<\/p><p><strong>PARTE 2 \u2013 Seguran\u00e7a blindada (adeus hackers)<\/strong><\/p><p>\u201cSite sem seguran\u00e7a \u00e9 como casa com porta aberta.\u00a0<\/p><p>Vamos trancar tudo.\u201d<\/p><p>Plugins gr\u00e1tis que eu recomendo:<\/p><ol><li><strong> Wordfence ou iThemes Security (escolha um)\u00a0 <\/strong><\/li><\/ol><p>\u00a0\u00a0 \u2192 Instala \u2192 Ativar \u2192 Assistente de configura\u00e7\u00e3o (segue os passos)\u00a0<\/p><p>\u00a0\u00a0 \u2192 Ativa firewall, bloqueio de login errado, scan di\u00e1rio<\/p><p><a href=\"https:\/\/www.youtube.com\/watch?v=Dwdzd2Q7om0\" target=\"_blank\" rel=\"noopener\"><u><strong>Veja o v\u00eddeo<\/strong><\/u><\/a><\/p><ol start=\"2\"><li><strong> Login LockDown (j\u00e1 vem em muitos plugins) <\/strong><\/li><\/ol><p>\u00a0\u00a0 \u2192 Bloqueia quem tenta senha errada muitas vezes<\/p><ol start=\"3\"><li><strong> Trocar o link de login (pra n\u00e3o ser \/wp-admin)\u00a0 <\/strong><\/li><\/ol><p>\u00a0\u00a0 \u2192 Plugin WPS Hide Login \u2192 muda pra \/segredo<\/p><p><a href=\"https:\/\/www.youtube.com\/watch?v=1q4gppxjkUI\" target=\"_blank\" rel=\"noopener\"><u><strong>Veja o v\u00eddeo<\/strong><\/u><\/a><\/p><ol start=\"4\"><li><strong> Senha forte no painel e no banco de dados<\/strong><\/li><\/ol><p><strong>Dica de av\u00f4:<\/strong>\u00a0<\/p><p>\u201cAtualize sempre WordPress, temas e plugins.\u00a0<\/p><p>\u00c9 chatinho, mas \u00e9 como tomar vacina: d\u00f3i 2 segundos e protege a vida toda.\u201d<\/p><p>\u2500\u2500\u2500\u2500\u2500\u2500\u2500\u2500\u2500\u2500\u2500\u2500\u2500\u2500\u2500\u2500\u2500\u2500\u2500\u2500\u2500\u2500\u2500\u2500<\/p><p><strong>PARTE 3 \u2013 Velocidade absurda (site que carrega em 1 segundo) <\/strong><\/p><p>\u201cSite lento = visitante vai embora.\u00a0<\/p><p>Vamos deixar seu site mais r\u00e1pido que F\u00f3rmula 1.\u201d<\/p><p>Passos simples:<\/p><ol><li><strong> Plugin de cache: LiteSpeed Cache (melhor pra Napoleon) ou WP Rocket (pago \u2013 na Napoleon, baixe este Plugin for free) <\/strong><\/li><\/ol><p>\u00a0\u00a0 \u2192 Instala \u2192 ativa as op\u00e7\u00f5es b\u00e1sicas (cache de p\u00e1gina, minify CSS\/JS)<\/p><p><a href=\"https:\/\/www.youtube.com\/watch?v=D3HjO3Z0IBA\" target=\"_blank\" rel=\"noopener\"><u><strong>Veja o v\u00eddeo<\/strong><\/u><\/a><\/p><ol start=\"2\"><li><strong> Otimizar imagens:\u00a0 <\/strong><\/li><\/ol><p>\u00a0\u00a0 \u2192 Plugin Smush ou Imagify \u2192 comprime todas as imagens automaticamente<\/p><ol start=\"3\"><li><strong> Remover lixo:\u00a0 <\/strong><\/li><\/ol><p>\u00a0\u00a0 \u2192 Plugin WP-Optimize \u2192 limpa banco de dados<\/p><ol start=\"4\"><li><strong> Teste no Google PageSpeed Insights (mostra na tela ao vivo) <\/strong><\/li><\/ol><p>\u00a0\u00a0 \u2192 Antes e depois \u2192 aluno v\u00ea a nota subir de 50 pra 90+<\/p><p>\u2500\u2500\u2500\u2500\u2500\u2500\u2500\u2500\u2500\u2500\u2500\u2500\u2500\u2500\u2500\u2500\u2500\u2500\u2500\u2500\u2500\u2500\u2500\u2500<\/p><p><strong>PARTE 4 \u2013 SEO b\u00e1sico pra aparecer no Google<\/strong><\/p><p>\u201cAgora que o site est\u00e1 seguro e r\u00e1pido, vamos fazer o Google gostar dele.\u201d<\/p><p>Passos f\u00e1ceis:<\/p><ol><li><strong> Plugin Yoast SEO ou Rank Math \u2192 instala \u2192 ativa\u00a0 <\/strong><\/li><li><strong> Na p\u00e1gina inicial: <\/strong><\/li><\/ol><p>\u00a0\u00a0 \u2192 Palavra-chave principal (ex: \u201cartesanato croch\u00ea Rio de Janeiro\u201d)\u00a0<\/p><p>\u00a0\u00a0 \u2192 T\u00edtulo SEO bonito\u00a0<\/p><p>\u00a0\u00a0 \u2192 Meta description convidativa\u00a0<\/p><ol start=\"3\"><li><strong> Alt nas imagens\u00a0 <\/strong><\/li><li><strong> Google Search Console (cadastro r\u00e1pido com e-mail) <\/strong><\/li><li><strong> Google Analytics (pra ver quem visita)<\/strong><\/li><\/ol><p><a href=\"https:\/\/www.youtube.com\/watch?v=ZN0HULZ7Du8\" target=\"_blank\" rel=\"noopener\"><u><strong>Veja o V\u00eddeo<\/strong><\/u><\/a><\/p><p>\u2500\u2500\u2500\u2500\u2500\u2500\u2500\u2500\u2500\u2500\u2500\u2500\u2500\u2500\u2500\u2500\u2500\u2500\u2500\u2500\u2500\u2500\u2500\u2500<\/p><p><strong>FECHAMENTO DO M\u00d3DULO 6<\/strong><\/p><p>\u201cResumo do que voc\u00ea aprendeu hoje (e que 90 % dos donos de site nunca fazem):<\/p><p>&#8211; Backup autom\u00e1tico semanal\u00a0<\/p><p>&#8211; Seguran\u00e7a blindada contra hackers\u00a0<\/p><p>&#8211; Site carregando em 1 segundo\u00a0<\/p><p>&#8211; Primeiros passos no Google<\/p><p><strong>Tarefa de casa (obrigat\u00f3ria e r\u00e1pida):<\/strong><\/p><ol><li>Instala o UpdraftPlus e faz o primeiro backup\u00a0<\/li><li>Instala um plugin de seguran\u00e7a\u00a0<\/li><li>Manda print da nota do PageSpeed Insights (antes e depois se quiser)<\/li><\/ol><p>Voc\u00eas j\u00e1 s\u00e3o profissionais de verdade\u2026\u00a0<\/p><p>e eu estou orgulhoso demais de cada um!<\/p><p>Beijo no cora\u00e7\u00e3o e at\u00e9 a pr\u00f3xima, meus campe\u00f5es!\u201d<\/p><p>\u2500\u2500\u2500\u2500\u2500\u2500\u2500\u2500\u2500\u2500\u2500\u2500\u2500\u2500\u2500\u2500\u2500\u2500\u2500\u2500\u2500\u2500\u2500\u2500<\/p><p>E a cereja do bolo, como sempre:<\/p><p><strong>### QUESTION\u00c1RIO \u2013 M\u00d3DULO 6\u00a0 <\/strong><\/p><p>Manuten\u00e7\u00e3o, seguran\u00e7a e velocidade\u00a0<\/p><ol><li><strong> Qual plugin a gente recomenda pra backup autom\u00e1tico gr\u00e1tis?\u00a0 <\/strong><\/li><li>a) BackupWordPress\u00a0<\/li><li>b) UpdraftPlus\u00a0<\/li><li>c) BackupGuard\u00a0<\/li><li>d) Jetpack<\/li><\/ol><ol start=\"2\"><li><strong> O que acontece se voc\u00ea n\u00e3o atualizar WordPress, temas e plugins?\u00a0 <\/strong><\/li><li>a) Fica mais r\u00e1pido\u00a0<\/li><li>b) Pode ter buraco de seguran\u00e7a\u00a0<\/li><li>c) Nada muda\u00a0<\/li><li>d) Google gosta mais<\/li><\/ol><ol start=\"3\"><li><strong> Qual plugin deixa o site carregando mais r\u00e1pido usando cache?\u00a0 <\/strong><\/li><li>a) LiteSpeed Cache ou WP Rocket\u00a0<\/li><li>b) CacheDelete\u00a0<\/li><li>c) SlowSite\u00a0<\/li><li>d) S\u00f3 funciona pago<\/li><\/ol><ol start=\"4\"><li><strong> Pra otimizar imagens automaticamente, qual plugin usar?\u00a0 <\/strong><\/li><li>a) ImageBig\u00a0<\/li><li>b) Smush ou Imagify\u00a0<\/li><li>c) PhotoDelete\u00a0<\/li><li>d) N\u00e3o precisa<\/li><\/ol><ol start=\"5\"><li><strong> O que \u00e9 firewall no contexto de seguran\u00e7a de site?<\/strong><\/li><li>a) Uma parede de fogo literal\u00a0<\/li><li>b) Prote\u00e7\u00e3o que bloqueia ataques antes de entrar<\/li><li>c) S\u00f3 pra empresas grandes\u00a0<\/li><li>d) Plugin pago obrigat\u00f3rio<\/li><li><strong> Pra come\u00e7ar a aparecer no Google, qual plugin de SEO gr\u00e1tis a gente usa?\u00a0 <\/strong><\/li><li>a) GoogleSEO\u00a0<\/li><li>b) Yoast SEO ou Rank Math\u00a0\u00a0<\/li><li>c) NoSEO\u00a0<\/li><li>d) Tem que contratar ag\u00eancia<\/li><\/ol><ol start=\"7\"><li><strong> O que voc\u00ea deve fazer toda semana\/m\u00eas no site?<\/strong><\/li><li>a) Nada, deixa quieto\u00a0<\/li><li>b) Ver backup, atualizar tudo, limpar cache\u00a0\u00a0<\/li><li>c) Apagar e fazer de novo\u00a0<\/li><li>d) S\u00f3 olhar visitas<\/li><\/ol><ol start=\"8\"><li><strong> O que \u00e9 \u201cpropaga\u00e7\u00e3o\u201d que a gente mencionou antes?<\/strong><\/li><li>a) O site crescendo sozinho\u00a0<\/li><li>b) Tempo que o DNS leva pra atualizar no mundo todo\u00a0<\/li><li>c) Backup autom\u00e1tico\u00a0<\/li><li>d) Cache<\/li><\/ol><ol start=\"9\"><li><strong> Qual ferramenta do Google mostra a velocidade do seu site? <\/strong><\/li><li>a) Google Maps\u00a0<\/li><li>b) PageSpeed Insights\u00a0<\/li><li>c) Google Drive\u00a0<\/li><li>d) Gmail<\/li><\/ol><ol start=\"10\"><li><strong> (Pergunta aberta \u2013 a mais importante!)\u00a0 <\/strong><\/li><\/ol><p>\u00a0\u00a0\u00a0 \u201cManda print do seu backup feito + nota do PageSpeed Insights + uma frase dizendo como voc\u00ea se sente agora que seu site est\u00e1 seguro e r\u00e1pido.\u00a0<\/p><p>\u00a0\u00a0\u00a0 Quero ver esse orgulho!\u201d<\/p>\t\t\t\t\t\t\t\t<\/div>\n\t\t\t\t<\/div>\n\t\t\t\t<\/div>\n\t\t","protected":false},"excerpt":{"rendered":"<p>Home Como Estudar Curiosidades Curso Completo M\u00f3dulos 0 e 1 M\u00f3dulo 2 M\u00f3dulo 3 M\u00f3dulo 4 M\u00f3dulo 5 M\u00f3dulo 6 Contato X M\u00f3dulo 6 \u00a0 Curso B\u00e1sico de Cria\u00e7\u00e3o de Sites Do Zero ao Site no Ar Curso M\u00f3dulo 6 Manuten\u00e7\u00e3o, seguran\u00e7a e velocidade do seu site\u00a0 ABERTURA DO M\u00d3DULO 6 \u00a0 \u201cBOA NOITE, MEUS [&hellip;]<\/p>\n","protected":false},"author":1,"featured_media":0,"parent":0,"menu_order":0,"comment_status":"closed","ping_status":"closed","template":"elementor_canvas","meta":{"footnotes":""},"class_list":["post-544","page","type-page","status-publish","hentry"],"_links":{"self":[{"href":"https:\/\/www.curso.familiapimentel.com.br\/curso\/wp-json\/wp\/v2\/pages\/544","targetHints":{"allow":["GET"]}}],"collection":[{"href":"https:\/\/www.curso.familiapimentel.com.br\/curso\/wp-json\/wp\/v2\/pages"}],"about":[{"href":"https:\/\/www.curso.familiapimentel.com.br\/curso\/wp-json\/wp\/v2\/types\/page"}],"author":[{"embeddable":true,"href":"https:\/\/www.curso.familiapimentel.com.br\/curso\/wp-json\/wp\/v2\/users\/1"}],"replies":[{"embeddable":true,"href":"https:\/\/www.curso.familiapimentel.com.br\/curso\/wp-json\/wp\/v2\/comments?post=544"}],"version-history":[{"count":67,"href":"https:\/\/www.curso.familiapimentel.com.br\/curso\/wp-json\/wp\/v2\/pages\/544\/revisions"}],"predecessor-version":[{"id":765,"href":"https:\/\/www.curso.familiapimentel.com.br\/curso\/wp-json\/wp\/v2\/pages\/544\/revisions\/765"}],"wp:attachment":[{"href":"https:\/\/www.curso.familiapimentel.com.br\/curso\/wp-json\/wp\/v2\/media?parent=544"}],"curies":[{"name":"wp","href":"https:\/\/api.w.org\/{rel}","templated":true}]}}