{"id":509,"date":"2026-01-08T12:31:57","date_gmt":"2026-01-08T12:31:57","guid":{"rendered":"https:\/\/www.curso.familiapimentel.com.br\/curso\/?page_id=509"},"modified":"2026-01-12T18:21:58","modified_gmt":"2026-01-12T18:21:58","slug":"modulo-5","status":"publish","type":"page","link":"https:\/\/www.curso.familiapimentel.com.br\/curso\/modulo-5\/","title":{"rendered":"M\u00f3dulo 5"},"content":{"rendered":"\t\t<div data-elementor-type=\"wp-page\" data-elementor-id=\"509\" class=\"elementor elementor-509\" data-elementor-post-type=\"page\">\n\t\t\t\t<div class=\"elementor-element elementor-element-f4e05ed e-flex e-con-boxed e-con e-parent\" data-id=\"f4e05ed\" data-element_type=\"container\" data-e-type=\"container\" data-settings=\"{&quot;background_background&quot;:&quot;classic&quot;}\">\n\t\t\t\t\t<div class=\"e-con-inner\">\n\t\t<div class=\"elementor-element elementor-element-5d77ab1 e-con-full e-flex e-con e-child\" data-id=\"5d77ab1\" data-element_type=\"container\" data-e-type=\"container\">\n\t\t\t\t<div class=\"elementor-element elementor-element-33a4c599 elementor-widget elementor-widget-image\" data-id=\"33a4c599\" data-element_type=\"widget\" data-e-type=\"widget\" data-widget_type=\"image.default\">\n\t\t\t\t\t\t\t\t\t\t\t\t\t\t\t<img fetchpriority=\"high\" decoding=\"async\" width=\"300\" height=\"300\" src=\"https:\/\/www.curso.familiapimentel.com.br\/curso\/wp-content\/uploads\/2026\/01\/Logo-_Zero-ao-Site_-300x300.jpeg\" class=\"attachment-medium size-medium wp-image-121\" alt=\"\" srcset=\"https:\/\/www.curso.familiapimentel.com.br\/curso\/wp-content\/uploads\/2026\/01\/Logo-_Zero-ao-Site_-300x300.jpeg 300w, https:\/\/www.curso.familiapimentel.com.br\/curso\/wp-content\/uploads\/2026\/01\/Logo-_Zero-ao-Site_-1024x1024.jpeg 1024w, https:\/\/www.curso.familiapimentel.com.br\/curso\/wp-content\/uploads\/2026\/01\/Logo-_Zero-ao-Site_-150x150.jpeg 150w, https:\/\/www.curso.familiapimentel.com.br\/curso\/wp-content\/uploads\/2026\/01\/Logo-_Zero-ao-Site_-768x768.jpeg 768w, https:\/\/www.curso.familiapimentel.com.br\/curso\/wp-content\/uploads\/2026\/01\/Logo-_Zero-ao-Site_-1536x1536.jpeg 1536w, https:\/\/www.curso.familiapimentel.com.br\/curso\/wp-content\/uploads\/2026\/01\/Logo-_Zero-ao-Site_.jpeg 2048w\" sizes=\"(max-width: 300px) 100vw, 300px\" \/>\t\t\t\t\t\t\t\t\t\t\t\t\t\t\t<\/div>\n\t\t\t\t<\/div>\n\t\t<div class=\"elementor-element elementor-element-5ec9cda1 e-con-full e-flex e-con e-child\" data-id=\"5ec9cda1\" data-element_type=\"container\" data-e-type=\"container\">\n\t\t\t\t<div class=\"elementor-element elementor-element-758b0eb6 elementor-widget elementor-widget-ekit-nav-menu\" data-id=\"758b0eb6\" data-element_type=\"widget\" data-e-type=\"widget\" data-widget_type=\"ekit-nav-menu.default\">\n\t\t\t\t<div class=\"elementor-widget-container\">\n\t\t\t\t\t\t\t<nav class=\"ekit-wid-con ekit_menu_responsive_mobile\"\n\t\t\tdata-hamburger-icon=\"\"\n\t\t\tdata-hamburger-icon-type=\"icon\"\n\t\t\tdata-responsive-breakpoint=\"767\">\n\t\t\t            <button class=\"elementskit-menu-hamburger elementskit-menu-toggler\"  type=\"button\" aria-label=\"hamburger-icon\">\n                                    <span class=\"elementskit-menu-hamburger-icon\"><\/span><span class=\"elementskit-menu-hamburger-icon\"><\/span><span class=\"elementskit-menu-hamburger-icon\"><\/span>\n                            <\/button>\n            <div id=\"ekit-megamenu-principal\" class=\"elementskit-menu-container elementskit-menu-offcanvas-elements elementskit-navbar-nav-default ekit-nav-menu-one-page-no ekit-nav-dropdown-hover\"><ul id=\"menu-principal\" class=\"elementskit-navbar-nav elementskit-menu-po-left submenu-click-on-icon\"><li id=\"menu-item-236\" class=\"menu-item menu-item-type-post_type menu-item-object-page menu-item-home menu-item-236 nav-item elementskit-mobile-builder-content\" data-vertical-menu=750px><a href=\"https:\/\/www.curso.familiapimentel.com.br\/curso\/\" class=\"ekit-menu-nav-link\">Home<\/a><\/li>\n<li id=\"menu-item-241\" class=\"menu-item menu-item-type-post_type menu-item-object-page menu-item-has-children menu-item-241 nav-item elementskit-dropdown-has relative_position elementskit-dropdown-menu-default_width elementskit-mobile-builder-content\" data-vertical-menu=750px><a href=\"https:\/\/www.curso.familiapimentel.com.br\/curso\/quem-somos\/\" class=\"ekit-menu-nav-link ekit-menu-dropdown-toggle\">Como Estudar<svg class=\"elementskit-submenu-indicator ekit-svg-icon icon-down-arrow1\" viewBox=\"0 0 32 32\" xmlns=\"http:\/\/www.w3.org\/2000\/svg\"><path d=\"M31.582 8.495c-0.578-0.613-1.544-0.635-2.153-0.059l-13.43 12.723-13.428-12.723c-0.61-0.578-1.574-0.553-2.153 0.059-0.579 0.611-0.553 1.576 0.058 2.155l14.477 13.715c0.293 0.277 0.67 0.418 1.047 0.418s0.756-0.14 1.048-0.418l14.477-13.715c0.611-0.579 0.637-1.544 0.058-2.155z\"><\/path><\/svg><\/a>\n<ul class=\"elementskit-dropdown elementskit-submenu-panel\">\n\t<li id=\"menu-item-238\" class=\"menu-item menu-item-type-post_type menu-item-object-page menu-item-238 nav-item elementskit-mobile-builder-content\" data-vertical-menu=750px><a href=\"https:\/\/www.curso.familiapimentel.com.br\/curso\/curiosidades\/\" class=\" dropdown-item\">Ajuda Importante<\/a><\/ul>\n<\/li>\n<li id=\"menu-item-388\" class=\"menu-item menu-item-type-custom menu-item-object-custom menu-item-has-children menu-item-388 nav-item elementskit-dropdown-has relative_position elementskit-dropdown-menu-default_width elementskit-mobile-builder-content\" data-vertical-menu=750px><a href=\"#\" class=\"ekit-menu-nav-link ekit-menu-dropdown-toggle\">Curso Completo<svg class=\"elementskit-submenu-indicator ekit-svg-icon icon-down-arrow1\" viewBox=\"0 0 32 32\" xmlns=\"http:\/\/www.w3.org\/2000\/svg\"><path d=\"M31.582 8.495c-0.578-0.613-1.544-0.635-2.153-0.059l-13.43 12.723-13.428-12.723c-0.61-0.578-1.574-0.553-2.153 0.059-0.579 0.611-0.553 1.576 0.058 2.155l14.477 13.715c0.293 0.277 0.67 0.418 1.047 0.418s0.756-0.14 1.048-0.418l14.477-13.715c0.611-0.579 0.637-1.544 0.058-2.155z\"><\/path><\/svg><\/a>\n<ul class=\"elementskit-dropdown elementskit-submenu-panel\">\n\t<li id=\"menu-item-239\" class=\"menu-item menu-item-type-post_type menu-item-object-page menu-item-239 nav-item elementskit-mobile-builder-content\" data-vertical-menu=750px><a href=\"https:\/\/www.curso.familiapimentel.com.br\/curso\/curso-modulos-0-e-1\/\" class=\" dropdown-item\">M\u00f3dulos 0 e 1<\/a>\t<li id=\"menu-item-436\" class=\"menu-item menu-item-type-post_type menu-item-object-page menu-item-436 nav-item elementskit-mobile-builder-content\" data-vertical-menu=750px><a href=\"https:\/\/www.curso.familiapimentel.com.br\/curso\/modulo-2\/\" class=\" dropdown-item\">M\u00f3dulo 2<\/a>\t<li id=\"menu-item-469\" class=\"menu-item menu-item-type-post_type menu-item-object-page menu-item-469 nav-item elementskit-mobile-builder-content\" data-vertical-menu=750px><a href=\"https:\/\/www.curso.familiapimentel.com.br\/curso\/modulo-3\/\" class=\" dropdown-item\">M\u00f3dulo 3<\/a>\t<li id=\"menu-item-499\" class=\"menu-item menu-item-type-post_type menu-item-object-page menu-item-499 nav-item elementskit-mobile-builder-content\" data-vertical-menu=750px><a href=\"https:\/\/www.curso.familiapimentel.com.br\/curso\/modulo-4\/\" class=\" dropdown-item\">M\u00f3dulo 4<\/a>\t<li id=\"menu-item-537\" class=\"menu-item menu-item-type-post_type menu-item-object-page menu-item-537 nav-item elementskit-mobile-builder-content\" data-vertical-menu=750px><a href=\"https:\/\/www.curso.familiapimentel.com.br\/curso\/modulo-5\/\" class=\" dropdown-item\">M\u00f3dulo 5<\/a>\t<li id=\"menu-item-562\" class=\"menu-item menu-item-type-post_type menu-item-object-page menu-item-562 nav-item elementskit-mobile-builder-content\" data-vertical-menu=750px><a href=\"https:\/\/www.curso.familiapimentel.com.br\/curso\/modulo-6\/\" class=\" dropdown-item\">M\u00f3dulo 6<\/a><\/ul>\n<\/li>\n<li id=\"menu-item-237\" class=\"menu-item menu-item-type-post_type menu-item-object-page menu-item-237 nav-item elementskit-mobile-builder-content\" data-vertical-menu=750px><a href=\"https:\/\/www.curso.familiapimentel.com.br\/curso\/contato\/\" class=\"ekit-menu-nav-link\">Contato<\/a><\/li>\n<\/ul><div class=\"elementskit-nav-identity-panel\"><button class=\"elementskit-menu-close elementskit-menu-toggler\" type=\"button\">X<\/button><\/div><\/div>\n\t\t\t<div class=\"elementskit-menu-overlay elementskit-menu-offcanvas-elements elementskit-menu-toggler ekit-nav-menu--overlay\"><\/div>        <\/nav>\n\t\t\t\t\t\t<\/div>\n\t\t\t\t<\/div>\n\t\t\t\t<\/div>\n\t\t\t\t\t<\/div>\n\t\t\t\t<\/div>\n\t\t<div class=\"elementor-element elementor-element-e352f17 e-flex e-con-boxed e-con e-parent\" data-id=\"e352f17\" data-element_type=\"container\" data-e-type=\"container\">\n\t\t\t\t\t<div class=\"e-con-inner\">\n\t\t\t\t<div class=\"elementor-element elementor-element-3e76c3c elementor-widget elementor-widget-heading\" data-id=\"3e76c3c\" data-element_type=\"widget\" data-e-type=\"widget\" data-widget_type=\"heading.default\">\n\t\t\t\t\t<h2 class=\"elementor-heading-title elementor-size-default\">M\u00f3dulo 5<\/h2>\t\t\t\t<\/div>\n\t\t\t\t\t<\/div>\n\t\t\t\t<\/div>\n\t\t<div class=\"elementor-element elementor-element-4850d289 e-con-full e-flex elementor-invisible e-con e-parent\" data-id=\"4850d289\" data-element_type=\"container\" data-e-type=\"container\" data-settings=\"{&quot;background_background&quot;:&quot;classic&quot;,&quot;animation&quot;:&quot;zoomIn&quot;,&quot;animation_delay&quot;:1000}\">\n\t\t\t\t<div class=\"elementor-element elementor-element-7d1e4246 elementor-widget elementor-widget-text-editor\" data-id=\"7d1e4246\" data-element_type=\"widget\" data-e-type=\"widget\" data-widget_type=\"text-editor.default\">\n\t\t\t\t\t\t\t\t\t<p><strong>\u00a0<\/strong><\/p><p><strong><img decoding=\"async\" class=\"aligncenter wp-image-121 size-thumbnail\" src=\"https:\/\/www.curso.familiapimentel.com.br\/curso\/wp-content\/uploads\/2026\/01\/Logo-_Zero-ao-Site_-150x150.jpeg\" alt=\"\" width=\"150\" height=\"150\" srcset=\"https:\/\/www.curso.familiapimentel.com.br\/curso\/wp-content\/uploads\/2026\/01\/Logo-_Zero-ao-Site_-150x150.jpeg 150w, https:\/\/www.curso.familiapimentel.com.br\/curso\/wp-content\/uploads\/2026\/01\/Logo-_Zero-ao-Site_-300x300.jpeg 300w, https:\/\/www.curso.familiapimentel.com.br\/curso\/wp-content\/uploads\/2026\/01\/Logo-_Zero-ao-Site_-1024x1024.jpeg 1024w, https:\/\/www.curso.familiapimentel.com.br\/curso\/wp-content\/uploads\/2026\/01\/Logo-_Zero-ao-Site_-768x768.jpeg 768w, https:\/\/www.curso.familiapimentel.com.br\/curso\/wp-content\/uploads\/2026\/01\/Logo-_Zero-ao-Site_-1536x1536.jpeg 1536w, https:\/\/www.curso.familiapimentel.com.br\/curso\/wp-content\/uploads\/2026\/01\/Logo-_Zero-ao-Site_.jpeg 2048w\" sizes=\"(max-width: 150px) 100vw, 150px\" \/><\/strong><\/p><p style=\"text-align: center;\"><strong>Curso B\u00e1sico de Cria\u00e7\u00e3o de Sites<\/strong><\/p><p style=\"text-align: center;\"><strong>Do Zero ao Site no Ar<\/strong><\/p><p style=\"text-align: center;\"><strong>M\u00d3DULO 5<\/strong><\/p><p><strong>ABERTURA <\/strong>\u00a0<\/p><p><strong> Do site est\u00e1tico ao WordPress profissional com Elementor\u00a0 <\/strong><\/p><p>\u00a0Este m\u00f3dulo requer a apresenta\u00e7\u00e3o em v\u00eddeo, para melhor entendimento.<\/p><p>\u00a0Clique neste link e assista ao v\u00eddeo ANTES DE CONTINUAR com a parte textual abaixo.<\/p><p>\u201cBOA NOITE, MEUS DONOS DE SITE COM DOM\u00cdNIO PR\u00d3PRIO!!!.\u00a0<\/p><p>Chegamos na parte que deixa seu site com cara de milh\u00f5es, mundo afora\u2026\u00a0 sem voc\u00ea precisar digitar uma linha de c\u00f3digo nunca mais (se n\u00e3o quiser).<\/p><p>Hoje voc\u00ea vai aprender duas coisas poderosas:\u00a0<\/p><ol><li>Transformar seu site atual em WordPress com 1 clique\u00a0<\/li><li>Usar o<strong> Elementor<\/strong> (o \u201cCanva dos sites\u201d) pra criar p\u00e1ginas lindas arrastando e soltando<\/li><\/ol><p><strong>E o melhor<\/strong>: tudo isso j\u00e1 na sua hospedagem <strong>Napoleon<\/strong> (ou qualquer outra que voc\u00ea escolher).<\/p><p>\u2500\u2500\u2500\u2500\u2500\u2500\u2500\u2500\u2500\u2500\u2500\u2500\u2500\u2500\u2500\u2500\u2500\u2500\u2500\u2500\u2500\u2500\u2500\u2500<\/p><p><strong>PARTE 1 \u2013 Instalando WordPress com 1 clique na Napoleon <\/strong><\/p><p><strong>\u2014\u2014\u2014\u2014\u2014\u2014\u2014\u2014<\/strong><\/p><p><em> \u2014 Ap\u00f3s abertura de conta na Napoleon Host, voc\u00ea recebe uma FOLHA DE DADOS com todas as informa\u00e7\u00f5es referentes aos procedimentos a serem tomados para a implementa\u00e7\u00e3o e administra\u00e7\u00e3o do seu novo site.<\/em><\/p><p><em>\u2014\u2014\u2014\u2014\u2014\u2014\u2014\u2014-<\/em><\/p><ol><li>Acesse seu painel da Napoleon Host: \u2013 O link est\u00e1 descrito na folha de dados enviada por ocasi\u00e3o da abertura de conta \u2013 alguma coisa do tipo \u201cseudominio\/cpanel\u201d\u00a0<\/li><li>Procure o \u00edcone \u201cInstalador de Aplicativos\u201d ou \u201c<strong>Softaculous<\/strong>\u201d ou \u201c<strong>WordPress 1-Clique<\/strong>\u201d. Normalmente, encontra-se no menu lateral esquerdo.<\/li><li>Clique em \u201c<strong>Instalar WordPress<\/strong>\u201d\u00a0<\/li><li>Preencha s\u00f3 3 campos:\u00a0<\/li><\/ol><p>\u00a0\u00a0 &#8211;<strong> Nome do site<\/strong> (ex: Maria Artesanato)\u00a0<\/p><p>\u00a0\u00a0 &#8211; <strong>Nome de usu\u00e1rio<\/strong> (ex: admin ou seu nome)\u00a0<\/p><p>\u00a0\u00a0 &#8211; <strong>Senha forte<\/strong> (anote num papel!)\u00a0<\/p><ol start=\"5\"><li>Clique em \u201c<strong>Instalar<\/strong>\u201d \u2192 em 40 segundos aparece: Instala\u00e7\u00e3o conclu\u00edda!.<\/li><li><strong>Link de acesso<\/strong>: <a href=\"http:\/\/www.seudominio.com.br\/wp-admin\/\"><u>www.seudominio.com.br\/wp-admin\/<\/u><\/a> (\u00c1rea Administrativa do site \u2013 Backend)\u00a0<\/li><li>Entra com <strong>usu\u00e1rio e senha<\/strong> \u2192 tela azul linda do WordPress<\/li><\/ol><p><a href=\"https:\/\/curso.familiapimentel.com.br\/curso\/Videos-Curso\/backend.mp4\" target=\"_blank\" rel=\"noopener\"><u><strong>Veja o v\u00eddeo:<\/strong><\/u><\/a> \u2013 Instalando o WordPress no Napoleon Host.<\/p><p>\u2500\u2500\u2500\u2500\u2500\u2500\u2500\u2500\u2500\u2500\u2500\u2500\u2500\u2500\u2500\u2500\u2500\u2500\u2500\u2500\u2500\u2500\u2500\u2500<\/p><p><strong>PARTE 2 \u2013 Primeiro contato com o painel WordPress<\/strong><\/p><p><strong>Explore visualmente e acompanhe pelo v\u00eddeo:<\/strong><\/p><p>&#8211; Menu lateral (Posts, P\u00e1ginas, Apar\u00eancia, Plugins, Usu\u00e1rios)\u00a0<\/p><p>&#8211; Criar uma p\u00e1gina nova\u00a0<\/p><p>&#8211; Mudar o tema (recomendo Astra ou Hello Elementor \u2013 ambos gr\u00e1tis)\u00a0<\/p><p>&#8211; Apagar a p\u00e1gina \u201cOl\u00e1, mundo!\u201d que vem automaticamente, na instala\u00e7\u00e3o.<\/p><p>\u2500\u2500\u2500\u2500\u2500\u2500\u2500\u2500\u2500\u2500\u2500\u2500\u2500\u2500\u2500\u2500\u2500\u2500\u2500\u2500\u2500\u2500\u2500\u2500<\/p><p><strong>PARTE 3 \u2013 Instala\u00e7\u00e3o do Elementor: o Canva dos sites<\/strong><\/p><ol><li>No painel \u2192 Plugins \u2192 Adicionar novo \u2192 busca \u201cElementor\u201d \u2192 Instalar \u2192 Ativar\u00a0<\/li><li>Cria uma p\u00e1gina nova \u2192 \u201cEditar com Elementor\u201d\u00a0<\/li><li>Mostra ao vivo:\u00a0<\/li><\/ol><p>\u00a0\u00a0 &#8211; Arrastar widget de t\u00edtulo, texto, imagem, bot\u00e3o\u00a0<\/p><p>\u00a0\u00a0 &#8211; Mudar cores com 1 clique\u00a0<\/p><p>\u00a0\u00a0 &#8211; Duplicar se\u00e7\u00e3o\u00a0<\/p><p>\u00a0\u00a0 &#8211; Salvar como template\u00a0<\/p><p>\u00a0\u00a0 &#8211; Modo responsivo (celular\/tablet)<\/p><p><a href=\"https:\/\/www.youtube.com\/watch?v=m4VdAe3WcdA\" target=\"_blank\" rel=\"noopener\"><u><strong>Veja o V\u00eddeo<\/strong><\/u><u><strong>\u00a0<\/strong><\/u><\/a>\u2013 mostrando como inicializar o site em um Host verdadeiro, por\u00e9m gratuito, onde se instala o WORDPRESS automaticamente, e continua instalando PLUGINS (tipo Elementor) e segue com cria\u00e7\u00e3o de p\u00e1gina, edi\u00e7\u00e3o, etc, at\u00e9 finalizar com site b\u00e1sico, elementar, por\u00e9m verdadeiro.<\/p><p><a href=\"https:\/\/www.youtube.com\/watch?v=27Lz8tg3Wog\" target=\"_blank\" rel=\"noopener\"><u><strong>Veja o V\u00eddeo<\/strong><\/u><\/a> \u2013 usando a plataforma do <strong>Google Sites<\/strong> para criar um site completo e gratuito.<\/p><p>Exerc\u00edcio ao vivo:\u00a0<\/p><p>\u201cVamos transformar sua p\u00e1gina inicial em 20 minutos:\u00a0<\/p><p>&#8211; Cabe\u00e7alho com logo e menu\u00a0<\/p><p>&#8211; Se\u00e7\u00e3o hero (1\u00aa se\u00e7\u00e3o da p\u00e1gina de abertura do site) com foto sua + frase grande\u00a0<\/p><p>&#8211; 3 colunas de servi\u00e7os\/produtos\u00a0<\/p><p>&#8211; Formul\u00e1rio de contato\u00a0<\/p><p>&#8211; Rodap\u00e9 com WhatsApp\u201d<\/p><p>\u2500\u2500\u2500\u2500\u2500\u2500\u2500\u2500\u2500\u2500\u2500\u2500\u2500\u2500\u2500\u2500\u2500\u2500\u2500\u2500\u2500\u2500\u2500\u2500<\/p><p><strong>PARTE 4 \u2013 Migrando seu site antigo (HTML\/CSS) pro WordPress<\/strong><\/p><p>\u201cSe voc\u00ea quiser trazer aquele site lindo que fez nos m\u00f3dulos atr\u00e1s, \u00e9 s\u00f3:<\/p><ol><li>Copiar o texto e as fotos\u00a0<\/li><li>Colar no Elementor\u00a0<\/li><li>Em 15 minutos fica igual ou mais bonito ainda!\u201d<\/li><\/ol><p>\u2500\u2500\u2500\u2500\u2500\u2500\u2500\u2500\u2500\u2500\u2500\u2500\u2500\u2500\u2500\u2500\u2500\u2500\u2500\u2500\u2500\u2500\u2500\u2500<\/p><p><strong>FECHAMENTO DO M\u00d3DULO 5<\/strong><\/p><p>\u201cOlha s\u00f3 o que voc\u00ea j\u00e1 sabe fazer hoje:<\/p><p>&#8211; Instalou WordPress com 1 clique\u00a0<\/p><p>&#8211; Criou p\u00e1ginas arrastando e soltando com <strong>Elementor<\/strong>\u00a0<\/p><p>&#8211; Tem site com dom\u00ednio pr\u00f3prio, SSL verde e cara de empresa grande\u00a0<\/p><p>&#8211; E tudo isso sem digitar uma linha de c\u00f3digo (se n\u00e3o quiser)<\/p><p><strong>Tarefa de casa (obrigat\u00f3ria e deliciosa):\u00a0 <\/strong><\/p><p>Crie sua p\u00e1gina inicial completa no WordPress\/Elementor e mande o link no grupo com a hashtag #MeuSiteProfissional<\/p><p>\u2500\u2500\u2500\u2500\u2500\u2500\u2500\u2500\u2500\u2500\u2500\u2500\u2500\u2500\u2500\u2500\u2500\u2500\u2500\u2500\u2500\u2500\u2500\u2500<\/p><p><a href=\"https:\/\/curso.familiapimentel.com.br\/curso\/Videos-Curso\/m5vf.mp4\" target=\"_blank\" rel=\"noopener\"><strong>Veja o v\u00eddeo<\/strong><\/a> &#8211; Mostra como construir p\u00e1ginas e criar men\u00fa.<\/p><p><strong>QUESTION\u00c1RIO<\/strong><\/p><p>WordPress + Elementor\u00a0<\/p><p><em>Tente responder as quest\u00f5es. Anote o seu gabarito. Ao final, envie pelo nosso Whatsapp ou Email de Contato. Envie tamb\u00e9m as d\u00favidas que surgiram e procurarei esclarecer. <\/em><\/p><ol><li><strong> Como instalar WordPress na Napoleon Host?\u00a0 <\/strong><\/li><li>a) Tem que baixar e fazer upload manual\u00a0<\/li><li>b) Instalador com 1 clique no cPanel\u00a0\u00a0<\/li><li>c) S\u00f3 funciona se pagar extra\u00a0<\/li><li>d) Tem que contratar programador<\/li><li><strong> Qual tema a gente recomenda instalar junto com Elementor?\u00a0 <\/strong><\/li><li>a) Qualquer um\u00a0<\/li><li>b) Astra ou Hello Elementor\u00a0\u00a0<\/li><li>c) Tem que ser pago\u00a0<\/li><li>d) Divi<\/li><li><strong> Onde clica pra come\u00e7ar a editar uma p\u00e1gina com Elementor?<\/strong><\/li><li>a) Apar\u00eancia \u2192 Personalizar\u00a0<\/li><li>b) Bot\u00e3o \u201cEditar com Elementor\u201d na p\u00e1gina \u2611\ufe0f\u00a0<\/li><li>c) Plugins \u2192 Elementor\u00a0<\/li><li>d) Tem que entrar no FTP<\/li><li><strong> O que acontece quando voc\u00ea arrasta um widget no Elementor? <\/strong><\/li><li>a) Ele some\u00a0<\/li><li>b) Aparece na p\u00e1gina em tempo real \u2611\ufe0f\u00a0<\/li><li>c) Precisa salvar e atualizar\u00a0<\/li><li>d) S\u00f3 aparece no celular<\/li><li><strong> Qual dessas coisas o Elementor permite fazer sem c\u00f3digo? <\/strong><\/li><li>a) S\u00f3 trocar texto\u00a0<\/li><li>b) Mudar cores, fontes, imagens, espa\u00e7amento, tudo arrastando<\/li><li>c) S\u00f3 colocar bot\u00e3o\u00a0<\/li><li>d) Nada disso<\/li><li><strong> Se quiser trazer o site antigo (HTML\/CSS) pro WordPress, o que fazer?\u00a0 <\/strong><\/li><li>a) Imposs\u00edvel\u00a0<\/li><li>b) Copiar texto e fotos e colar no Elementor<\/li><li>c) Tem que reescrever tudo\u00a0<\/li><li>d) S\u00f3 com programador<\/li><li><strong> Depois de instalar WordPress, qual link voc\u00ea usa pra entrar no painel?\u00a0 <\/strong><\/li><li>a) www.seudominio.com.br\/login\u00a0<\/li><li>b) www.seudominio.com.br\/wp-admin<\/li><li>c) www.seudominio.com.br\/admin\u00a0<\/li><li>d) Tem que pedir pra hospedagem<\/li><li><strong> Qual \u00e9 a vantagem de usar WordPress + Elementor em vez de s\u00f3 HTML\/CSS puro?\u00a0 <\/strong><\/li><li>a) Fica mais feio\u00a0<\/li><li>b) Voc\u00ea muda tudo sem mexer em c\u00f3digo + atualiza f\u00e1cil\u00a0\u00a0<\/li><li>c) \u00c9 mais caro\u00a0<\/li><li>d) S\u00f3 pra loja virtual<\/li><li><strong> O que voc\u00ea precisa fazer depois de editar no Elementor pra p\u00e1gina ficar salva? <\/strong><\/li><li>a) Nada, salva sozinho\u00a0<\/li><li>b) Clicar no bot\u00e3o verde \u201cATUALIZAR\u201d ou \u201cPUBLICAR\u201d<\/li><li>c) Reiniciar o servidor\u00a0<\/li><li>d) Mandar e-mail pra hospedagem<\/li><li><strong> (Pergunta aberta \u2013 a melhor!) <\/strong><\/li><\/ol><p>\u00a0\u00a0\u00a0 \u201cManda aqui o link da sua p\u00e1gina inicial j\u00e1 no WordPress com Elementor + um print de como ficou.\u00a0<\/p><p>\u2014\u2014\u2014\u2014\u2014\u2014\u2014\u2014\u2014\u2014\u2014\u2014\u2014-<\/p><p><strong>FIM DO M\u00d3DULO 5<\/strong><\/p>\t\t\t\t\t\t\t\t<\/div>\n\t\t\t\t<\/div>\n\t\t\t\t<\/div>\n\t\t","protected":false},"excerpt":{"rendered":"<p>Home Como Estudar Curiosidades Curso Completo M\u00f3dulos 0 e 1 M\u00f3dulo 2 M\u00f3dulo 3 M\u00f3dulo 4 M\u00f3dulo 5 M\u00f3dulo 6 Contato X M\u00f3dulo 5 \u00a0 Curso B\u00e1sico de Cria\u00e7\u00e3o de Sites Do Zero ao Site no Ar M\u00d3DULO 5 ABERTURA \u00a0 Do site est\u00e1tico ao WordPress profissional com Elementor\u00a0 \u00a0Este m\u00f3dulo requer a apresenta\u00e7\u00e3o em [&hellip;]<\/p>\n","protected":false},"author":1,"featured_media":0,"parent":0,"menu_order":0,"comment_status":"closed","ping_status":"closed","template":"elementor_canvas","meta":{"footnotes":""},"class_list":["post-509","page","type-page","status-publish","hentry"],"_links":{"self":[{"href":"https:\/\/www.curso.familiapimentel.com.br\/curso\/wp-json\/wp\/v2\/pages\/509","targetHints":{"allow":["GET"]}}],"collection":[{"href":"https:\/\/www.curso.familiapimentel.com.br\/curso\/wp-json\/wp\/v2\/pages"}],"about":[{"href":"https:\/\/www.curso.familiapimentel.com.br\/curso\/wp-json\/wp\/v2\/types\/page"}],"author":[{"embeddable":true,"href":"https:\/\/www.curso.familiapimentel.com.br\/curso\/wp-json\/wp\/v2\/users\/1"}],"replies":[{"embeddable":true,"href":"https:\/\/www.curso.familiapimentel.com.br\/curso\/wp-json\/wp\/v2\/comments?post=509"}],"version-history":[{"count":64,"href":"https:\/\/www.curso.familiapimentel.com.br\/curso\/wp-json\/wp\/v2\/pages\/509\/revisions"}],"predecessor-version":[{"id":723,"href":"https:\/\/www.curso.familiapimentel.com.br\/curso\/wp-json\/wp\/v2\/pages\/509\/revisions\/723"}],"wp:attachment":[{"href":"https:\/\/www.curso.familiapimentel.com.br\/curso\/wp-json\/wp\/v2\/media?parent=509"}],"curies":[{"name":"wp","href":"https:\/\/api.w.org\/{rel}","templated":true}]}}