{"id":478,"date":"2026-01-08T11:23:35","date_gmt":"2026-01-08T11:23:35","guid":{"rendered":"https:\/\/www.curso.familiapimentel.com.br\/curso\/?page_id=478"},"modified":"2026-01-10T12:27:53","modified_gmt":"2026-01-10T12:27:53","slug":"modulo-4","status":"publish","type":"page","link":"https:\/\/www.curso.familiapimentel.com.br\/curso\/modulo-4\/","title":{"rendered":"M\u00f3dulo 4"},"content":{"rendered":"\t\t<div data-elementor-type=\"wp-page\" data-elementor-id=\"478\" class=\"elementor elementor-478\" data-elementor-post-type=\"page\">\n\t\t\t\t<div class=\"elementor-element elementor-element-10e4191d e-con-full e-flex e-con e-parent\" data-id=\"10e4191d\" data-element_type=\"container\" data-e-type=\"container\" data-settings=\"{&quot;background_background&quot;:&quot;classic&quot;}\">\n\t\t<div class=\"elementor-element elementor-element-10b6dad8 e-con-full e-flex e-con e-child\" data-id=\"10b6dad8\" data-element_type=\"container\" data-e-type=\"container\">\n\t\t\t\t<div class=\"elementor-element elementor-element-7fbcd53b elementor-widget elementor-widget-image\" data-id=\"7fbcd53b\" data-element_type=\"widget\" data-e-type=\"widget\" data-widget_type=\"image.default\">\n\t\t\t\t\t\t\t\t\t\t\t\t\t\t\t<img decoding=\"async\" width=\"150\" height=\"150\" src=\"https:\/\/www.curso.familiapimentel.com.br\/curso\/wp-content\/uploads\/2026\/01\/Logo-_Zero-ao-Site_-150x150.jpeg\" class=\"attachment-thumbnail size-thumbnail wp-image-121\" alt=\"\" srcset=\"https:\/\/www.curso.familiapimentel.com.br\/curso\/wp-content\/uploads\/2026\/01\/Logo-_Zero-ao-Site_-150x150.jpeg 150w, https:\/\/www.curso.familiapimentel.com.br\/curso\/wp-content\/uploads\/2026\/01\/Logo-_Zero-ao-Site_-300x300.jpeg 300w, https:\/\/www.curso.familiapimentel.com.br\/curso\/wp-content\/uploads\/2026\/01\/Logo-_Zero-ao-Site_-1024x1024.jpeg 1024w, https:\/\/www.curso.familiapimentel.com.br\/curso\/wp-content\/uploads\/2026\/01\/Logo-_Zero-ao-Site_-768x768.jpeg 768w, https:\/\/www.curso.familiapimentel.com.br\/curso\/wp-content\/uploads\/2026\/01\/Logo-_Zero-ao-Site_-1536x1536.jpeg 1536w, https:\/\/www.curso.familiapimentel.com.br\/curso\/wp-content\/uploads\/2026\/01\/Logo-_Zero-ao-Site_.jpeg 2048w\" sizes=\"(max-width: 150px) 100vw, 150px\" \/>\t\t\t\t\t\t\t\t\t\t\t\t\t\t\t<\/div>\n\t\t\t\t<\/div>\n\t\t<div class=\"elementor-element elementor-element-5b8211b2 e-con-full e-flex e-con e-child\" data-id=\"5b8211b2\" data-element_type=\"container\" data-e-type=\"container\">\n\t\t\t\t<div class=\"elementor-element elementor-element-582d7ed5 elementor-widget elementor-widget-ekit-nav-menu\" data-id=\"582d7ed5\" data-element_type=\"widget\" data-e-type=\"widget\" data-widget_type=\"ekit-nav-menu.default\">\n\t\t\t\t<div class=\"elementor-widget-container\">\n\t\t\t\t\t\t\t<nav class=\"ekit-wid-con ekit_menu_responsive_mobile\"\n\t\t\tdata-hamburger-icon=\"\"\n\t\t\tdata-hamburger-icon-type=\"icon\"\n\t\t\tdata-responsive-breakpoint=\"767\">\n\t\t\t            <button class=\"elementskit-menu-hamburger elementskit-menu-toggler\"  type=\"button\" aria-label=\"hamburger-icon\">\n                                    <span class=\"elementskit-menu-hamburger-icon\"><\/span><span class=\"elementskit-menu-hamburger-icon\"><\/span><span class=\"elementskit-menu-hamburger-icon\"><\/span>\n                            <\/button>\n            <div id=\"ekit-megamenu-principal\" class=\"elementskit-menu-container elementskit-menu-offcanvas-elements elementskit-navbar-nav-default ekit-nav-menu-one-page-no ekit-nav-dropdown-hover\"><ul id=\"menu-principal\" class=\"elementskit-navbar-nav elementskit-menu-po-left submenu-click-on-icon\"><li id=\"menu-item-236\" class=\"menu-item menu-item-type-post_type menu-item-object-page menu-item-home menu-item-236 nav-item elementskit-mobile-builder-content\" data-vertical-menu=750px><a href=\"https:\/\/www.curso.familiapimentel.com.br\/curso\/\" class=\"ekit-menu-nav-link\">Home<\/a><\/li>\n<li id=\"menu-item-241\" class=\"menu-item menu-item-type-post_type menu-item-object-page menu-item-has-children menu-item-241 nav-item elementskit-dropdown-has relative_position elementskit-dropdown-menu-default_width elementskit-mobile-builder-content\" data-vertical-menu=750px><a href=\"https:\/\/www.curso.familiapimentel.com.br\/curso\/quem-somos\/\" class=\"ekit-menu-nav-link ekit-menu-dropdown-toggle\">Como Estudar<svg class=\"elementskit-submenu-indicator ekit-svg-icon icon-down-arrow1\" viewBox=\"0 0 32 32\" xmlns=\"http:\/\/www.w3.org\/2000\/svg\"><path d=\"M31.582 8.495c-0.578-0.613-1.544-0.635-2.153-0.059l-13.43 12.723-13.428-12.723c-0.61-0.578-1.574-0.553-2.153 0.059-0.579 0.611-0.553 1.576 0.058 2.155l14.477 13.715c0.293 0.277 0.67 0.418 1.047 0.418s0.756-0.14 1.048-0.418l14.477-13.715c0.611-0.579 0.637-1.544 0.058-2.155z\"><\/path><\/svg><\/a>\n<ul class=\"elementskit-dropdown elementskit-submenu-panel\">\n\t<li id=\"menu-item-238\" class=\"menu-item menu-item-type-post_type menu-item-object-page menu-item-238 nav-item elementskit-mobile-builder-content\" data-vertical-menu=750px><a href=\"https:\/\/www.curso.familiapimentel.com.br\/curso\/curiosidades\/\" class=\" dropdown-item\">Ajuda Importante<\/a><\/ul>\n<\/li>\n<li id=\"menu-item-388\" class=\"menu-item menu-item-type-custom menu-item-object-custom menu-item-has-children menu-item-388 nav-item elementskit-dropdown-has relative_position elementskit-dropdown-menu-default_width elementskit-mobile-builder-content\" data-vertical-menu=750px><a href=\"#\" class=\"ekit-menu-nav-link ekit-menu-dropdown-toggle\">Curso Completo<svg class=\"elementskit-submenu-indicator ekit-svg-icon icon-down-arrow1\" viewBox=\"0 0 32 32\" xmlns=\"http:\/\/www.w3.org\/2000\/svg\"><path d=\"M31.582 8.495c-0.578-0.613-1.544-0.635-2.153-0.059l-13.43 12.723-13.428-12.723c-0.61-0.578-1.574-0.553-2.153 0.059-0.579 0.611-0.553 1.576 0.058 2.155l14.477 13.715c0.293 0.277 0.67 0.418 1.047 0.418s0.756-0.14 1.048-0.418l14.477-13.715c0.611-0.579 0.637-1.544 0.058-2.155z\"><\/path><\/svg><\/a>\n<ul class=\"elementskit-dropdown elementskit-submenu-panel\">\n\t<li id=\"menu-item-239\" class=\"menu-item menu-item-type-post_type menu-item-object-page menu-item-239 nav-item elementskit-mobile-builder-content\" data-vertical-menu=750px><a href=\"https:\/\/www.curso.familiapimentel.com.br\/curso\/curso-modulos-0-e-1\/\" class=\" dropdown-item\">M\u00f3dulos 0 e 1<\/a>\t<li id=\"menu-item-436\" class=\"menu-item menu-item-type-post_type menu-item-object-page menu-item-436 nav-item elementskit-mobile-builder-content\" data-vertical-menu=750px><a href=\"https:\/\/www.curso.familiapimentel.com.br\/curso\/modulo-2\/\" class=\" dropdown-item\">M\u00f3dulo 2<\/a>\t<li id=\"menu-item-469\" class=\"menu-item menu-item-type-post_type menu-item-object-page menu-item-469 nav-item elementskit-mobile-builder-content\" data-vertical-menu=750px><a href=\"https:\/\/www.curso.familiapimentel.com.br\/curso\/modulo-3\/\" class=\" dropdown-item\">M\u00f3dulo 3<\/a>\t<li id=\"menu-item-499\" class=\"menu-item menu-item-type-post_type menu-item-object-page menu-item-499 nav-item elementskit-mobile-builder-content\" data-vertical-menu=750px><a href=\"https:\/\/www.curso.familiapimentel.com.br\/curso\/modulo-4\/\" class=\" dropdown-item\">M\u00f3dulo 4<\/a>\t<li id=\"menu-item-537\" class=\"menu-item menu-item-type-post_type menu-item-object-page menu-item-537 nav-item elementskit-mobile-builder-content\" data-vertical-menu=750px><a href=\"https:\/\/www.curso.familiapimentel.com.br\/curso\/modulo-5\/\" class=\" dropdown-item\">M\u00f3dulo 5<\/a>\t<li id=\"menu-item-562\" class=\"menu-item menu-item-type-post_type menu-item-object-page menu-item-562 nav-item elementskit-mobile-builder-content\" data-vertical-menu=750px><a href=\"https:\/\/www.curso.familiapimentel.com.br\/curso\/modulo-6\/\" class=\" dropdown-item\">M\u00f3dulo 6<\/a><\/ul>\n<\/li>\n<li id=\"menu-item-237\" class=\"menu-item menu-item-type-post_type menu-item-object-page menu-item-237 nav-item elementskit-mobile-builder-content\" data-vertical-menu=750px><a href=\"https:\/\/www.curso.familiapimentel.com.br\/curso\/contato\/\" class=\"ekit-menu-nav-link\">Contato<\/a><\/li>\n<\/ul><div class=\"elementskit-nav-identity-panel\"><button class=\"elementskit-menu-close elementskit-menu-toggler\" type=\"button\">X<\/button><\/div><\/div>\n\t\t\t<div class=\"elementskit-menu-overlay elementskit-menu-offcanvas-elements elementskit-menu-toggler ekit-nav-menu--overlay\"><\/div>        <\/nav>\n\t\t\t\t\t\t<\/div>\n\t\t\t\t<\/div>\n\t\t\t\t<\/div>\n\t\t\t\t<\/div>\n\t\t<div class=\"elementor-element elementor-element-1bd6c23a e-flex e-con-boxed e-con e-parent\" data-id=\"1bd6c23a\" data-element_type=\"container\" data-e-type=\"container\">\n\t\t\t\t\t<div class=\"e-con-inner\">\n\t\t<div class=\"elementor-element elementor-element-304cd8d e-con-full e-flex e-con e-child\" data-id=\"304cd8d\" data-element_type=\"container\" data-e-type=\"container\">\n\t\t\t\t<div class=\"elementor-element elementor-element-29902f8 elementor-widget elementor-widget-heading\" data-id=\"29902f8\" data-element_type=\"widget\" data-e-type=\"widget\" data-widget_type=\"heading.default\">\n\t\t\t\t\t<h2 class=\"elementor-heading-title elementor-size-default\">M\u00f3dulo 4<\/h2>\t\t\t\t<\/div>\n\t\t\t\t<\/div>\n\t\t\t\t\t<\/div>\n\t\t\t\t<\/div>\n\t\t<div class=\"elementor-element elementor-element-36e7e82d e-con-full e-flex elementor-invisible e-con e-parent\" data-id=\"36e7e82d\" data-element_type=\"container\" data-e-type=\"container\" data-settings=\"{&quot;background_background&quot;:&quot;classic&quot;,&quot;animation&quot;:&quot;zoomIn&quot;,&quot;animation_delay&quot;:1000}\">\n\t\t\t\t<div class=\"elementor-element elementor-element-6a2ffb1 elementor-widget elementor-widget-text-editor\" data-id=\"6a2ffb1\" data-element_type=\"widget\" data-e-type=\"widget\" data-widget_type=\"text-editor.default\">\n\t\t\t\t\t\t\t\t\t<p><strong>\u00a0<\/strong><\/p><p><strong><img fetchpriority=\"high\" decoding=\"async\" class=\"alignnone size-medium wp-image-121 aligncenter\" src=\"https:\/\/www.curso.familiapimentel.com.br\/curso\/wp-content\/uploads\/2026\/01\/Logo-_Zero-ao-Site_-300x300.jpeg\" alt=\"\" width=\"300\" height=\"300\" srcset=\"https:\/\/www.curso.familiapimentel.com.br\/curso\/wp-content\/uploads\/2026\/01\/Logo-_Zero-ao-Site_-300x300.jpeg 300w, https:\/\/www.curso.familiapimentel.com.br\/curso\/wp-content\/uploads\/2026\/01\/Logo-_Zero-ao-Site_-1024x1024.jpeg 1024w, https:\/\/www.curso.familiapimentel.com.br\/curso\/wp-content\/uploads\/2026\/01\/Logo-_Zero-ao-Site_-150x150.jpeg 150w, https:\/\/www.curso.familiapimentel.com.br\/curso\/wp-content\/uploads\/2026\/01\/Logo-_Zero-ao-Site_-768x768.jpeg 768w, https:\/\/www.curso.familiapimentel.com.br\/curso\/wp-content\/uploads\/2026\/01\/Logo-_Zero-ao-Site_-1536x1536.jpeg 1536w, https:\/\/www.curso.familiapimentel.com.br\/curso\/wp-content\/uploads\/2026\/01\/Logo-_Zero-ao-Site_.jpeg 2048w\" sizes=\"(max-width: 300px) 100vw, 300px\" \/><\/strong><\/p><h5 style=\"text-align: center;\"><strong>Curso B\u00e1sico de Cria\u00e7\u00e3o de Sites<\/strong><\/h5><h5 style=\"text-align: center;\"><strong>Do Zero ao Site no Ar<\/strong><\/h5><p style=\"text-align: center;\"><strong>M\u00d3DULO 4<\/strong><\/p><p><strong>Conte\u00fado: <\/strong><strong> \u2013 Publicar o site de gra\u00e7a<\/strong><\/p><p>Seu site no ar para o mundo inteiro ver!.<br \/>\u00a0(da publica\u00e7\u00e3o gratuita at\u00e9 o dom\u00ednio pr\u00f3prio profissional)<\/p><p><strong>Op\u00e7\u00e3o 1<\/strong> \u2013<strong> GitHub Pages<\/strong> (recomendada para iniciantes) \u2013 Eu, particularmente, prefiro esta. De imediato, parece complicado, mas depois de usar algumas vezes se torna bem f\u00e1cil. N\u00e3o \u00e9 igual a um Servidor Profissional (<strong>pago<\/strong>) mas vai servir muito bem para nosso prop\u00f3sito.<\/p><p>&#8211; Criar reposit\u00f3rio<\/p><p>&#8211; Subir arquivos<\/p><p>&#8211; Ativar GitHub Pages<\/p><p>&#8211; Dom\u00ednio personalizado gr\u00e1tis com <strong>Freenom(*)<\/strong> ou dom\u00ednio pago<\/p><p>Op\u00e7\u00e3o 2 \u2013 <strong>Vercel<\/strong> (mais moderna e r\u00e1pida)<\/p><p>Op\u00e7\u00e3o 3 \u2013 <strong>Netlify<\/strong><\/p><p><strong>(*) &#8211; Freenom<\/strong> &#8211; Registro de dom\u00ednios gratuitos: Permite criar sites com extens\u00f5es alternativas sem custo inicial.<\/p><p>\u2500\u2500\u2500\u2500\u2500\u2500\u2500\u2500\u2500\u2500\u2500\u2500\u2500\u2500\u2500\u2500\u2500\u2500\u2500\u2500\u2500\u2500\u2500\u2500\u00a0<\/p><p><a href=\"https:\/\/www.youtube.com\/watch?v=uFEJyU6i20Q&amp;t=225s\" target=\"_blank\" rel=\"noopener\"><u><strong>V\u00eddeo 1: Como usar o Git e o Github<\/strong><\/u><\/a><\/p><p><a href=\"https:\/\/www.youtube.com\/watch?v=BUGZZaChiYw&amp;t=36s\" target=\"_blank\" rel=\"noopener\"><u><strong>V\u00eddeo 2 : Usando o GitHub + Criando a conta<\/strong><\/u><\/a><\/p><p>\u201cOL\u00c1, MEUS FUTUROS DONOS DE SITE NA INTERNET!!!.\u00a0<\/p><p>Hoje \u00e9 o dia mais esperado do curso inteiro.\u00a0<\/p><p>Aquele site lindo que voc\u00ea fez nos m\u00f3dulos anteriores\u2026\u00a0<\/p><p>hoje vai sair do seu computador e vai morar na internet de verdade,\u00a0<\/p><p>pra qualquer pessoa do Brasil ou do mundo poder abrir no celular e falar:\u00a0<\/p><p><em><strong>\u201cNossa, que site lindo! Quem fez isso?\u201d<\/strong><\/em><\/p><p>E voc\u00ea vai poder responder, com o peito estufado:\u00a0<\/p><p><em><strong>\u201cFui eu\u2026 com a ajuda do Luiz!\u201d<\/strong><\/em><\/p><p>Vamos fazer isso de 3 jeitos diferentes (do mais simples at\u00e9 o profissional):<\/p><ol><li>Publica\u00e7\u00e3o 100 % gratuita (<strong>GitHub Pages ou Vercel<\/strong>) \u2192 em 10 minutos\u00a0<\/li><li>Dom\u00ednio pr\u00f3prio + hospedagem baratinha (<strong>Napoleon Host<\/strong>)<\/li><li>Como funciona tudo por tr\u00e1s (<strong>DNS, propaga\u00e7\u00e3o, SSL verdinho<\/strong>) \u2192 explicado como se eu estivesse tomando caf\u00e9 na sua casa.<\/li><\/ol><p>\u2500\u2500\u2500\u2500\u2500\u2500\u2500\u2500\u2500\u2500\u2500\u2500\u2500\u2500\u2500\u2500\u2500\u2500\u2500\u2500\u2500\u2500\u2500\u2500<\/p><p><strong>PARTE 1<\/strong> \u2013 Publica\u00e7\u00e3o gratuita\u00a0 (<strong>GitHub Pages<\/strong>) (passos mostrados nos v\u00eddeos anteriores)<\/p><ol><li>Abra o GitHub (aquele que criamos no M\u00f3dulo 0)\u00a0<\/li><li>Clique no \u201c+\u201d no canto superior direito \u2192 New repository\u00a0<\/li><li>Nome do reposit\u00f3rio: exatamente o seu nome de usu\u00e1rio + .github.io\u00a0<\/li><\/ol><p>\u00a0 <strong> Exemplo<\/strong>: se seu usu\u00e1rio \u00e9<strong> joao1958<\/strong> \u2192<strong> joao1958.github.io <\/strong>\u00a0<\/p><ol start=\"4\"><li>Marque \u201cPublic\u201d \u2192 Create repository\u00a0<\/li><li>Agora arraste a pasta inteira do seu site (index.html, style.css, imagens\u2026) pra dentro dessa p\u00e1gina do GitHub . (esta \u00e9 outra maneira de fazer)<\/li><li>Clique em \u201cCommit changes\u201d\u00a0<\/li><li>Espere 30 segundos\u2026 pronto!.\u00a0<\/li><li>Abra no navegador: <strong>https:\/\/joao1958.github.io\u00a0 <\/strong><\/li><\/ol><p><strong>\u00a0\u00a0 \u2192 Seu site est\u00e1 no ar para o planeta inteiro ver!<\/strong><\/p><p><em><strong>\u201cOlha isso, gente\u2026 em menos de 10 minutos o seu site saiu do seu computador e foi morar na internet. <\/strong><\/em>\u00a0<\/p><p>D\u00e1 pra mandar o link pros filhos, pros netos, pra sogra\u2026 pro mundo!\u201d<\/p><p>\u2500\u2500\u2500\u2500\u2500\u2500\u2500\u2500\u2500\u2500\u2500\u2500\u2500\u2500\u2500\u2500\u2500\u2500\u2500\u2500\u2500\u2500\u2500\u2500<\/p><p><strong>PARTE 2<\/strong> \u2013 Vercel (ainda mais r\u00e1pido e moderno)<\/p><ol><li>Abra <strong>vercel.com<\/strong> \u2192 Sign up com a conta do GitHub (1 clique)\u00a0<\/li><li>Clique em \u201cNew Project\u201d \u2192 escolha o reposit\u00f3rio que voc\u00ea acabou de criar\u00a0<\/li><li>Vercel j\u00e1 detecta que \u00e9 um site est\u00e1tico \u2192 clica em<strong> \u201cDeploy\u201d<\/strong><\/li><li>Em 20 segundos aparece o link lindo tipo: seu-projeto.vercel.app\u00a0<\/li><li>Copia o link e manda pra todo mundo!.<\/li><\/ol><p><strong>GitHub Pages = gratuito pra sempre, link meio \u201ct\u00e9cnico\u201d\u00a0 <\/strong><\/p><p><strong>Vercel = gratuito pra sempre, link mais bonito e carrega mais r\u00e1pido<\/strong><\/p><p>\u2500\u2500\u2500\u2500\u2500\u2500\u2500\u2500\u2500\u2500\u2500\u2500\u2500\u2500\u2500\u2500\u2500\u2500\u2500\u2500\u2500\u2500\u2500\u2500<\/p><p><a href=\"https:\/\/www.youtube.com\/watch?v=bAh3WzGhLAI\" target=\"_blank\" rel=\"noopener\"><u><strong>V\u00eddeo \u2013 Como utilizar o Vercel + GitHub<\/strong><\/u><\/a><\/p><p><strong>PARTE 3<\/strong> \u2013 Dom\u00ednio pr\u00f3prio + hospedagem profissional <strong>(Napoleon Host<\/strong>)\u00a0 &#8211; (o grande final que todo mundo quer)<\/p><p><strong>\u201cAgora vamos subir de n\u00edvel de vez e deixar seu site com cara de empresa de verdade.\u201d<\/strong><\/p><ol><li>Acesse: https:\/\/painel.napoleon.com.br\/aff.php?aff=6173\u00a0<\/li><li>Escolha o plano \u201cNapoleon Startup\u201d (ou Pro)<\/li><li>Op\u00e7\u00e3o deletada<\/li><li>Preencha seus dados \u2192 paga no Pix ou cart\u00e3o\u00a0<\/li><li>Em 2 minutos chega e-mail de boas-vindas\u00a0<\/li><li>Acesse o cPanel \u2192 \u201cInstalador de WordPress\u201d \u2192 1 clique\u00a0<\/li><li><strong>Ou, se quiser manter o site puro HTML\/CSS: use o Gerenciador de Arquivos e sobe a pasta toda<\/strong><\/li><li>SSL gr\u00e1tis autom\u00e1tico (o cadeadinho verde aparece em 5 minutos)<\/li><\/ol><p><strong>Resultado final:\u00a0 <\/strong><\/p><p><strong>https:\/\/www.seunome.com.br<\/strong> \u2192 site lindo, r\u00e1pido, profissional e seu pra sempre.<\/p><p>\u2500\u2500\u2500\u2500\u2500\u2500\u2500\u2500\u2500\u2500\u2500\u2500\u2500\u2500\u2500\u2500\u2500\u2500\u2500\u2500\u2500\u2500\u2500\u2500<\/p><p><strong>PARTE 4<\/strong> \u2013 Explica\u00e7\u00e3o de av\u00f4: o que acontece quando algu\u00e9m digita seu dom\u00ednio?<\/p><p><strong>Lembra disso?:<\/strong><strong> (casa + lista telef\u00f4nica + pizzaria)<\/strong><strong>!<\/strong><\/p><ol><li>Pessoa digita <strong>www.mariartesanato.com.br\u00a0 <\/strong><\/li><li>O navegador pergunta pro <strong>DNS<\/strong>: <em>\u201cOnde fica essa casa?\u201d\u00a0 <\/em><\/li><li>O <strong>DNS<\/strong> olha na<strong> lista telef\u00f4nica<\/strong> e<strong> responde<\/strong>: <em>\u201cFica na Napoleon Host, IP 189.38.XX.XX\u201d<\/em><\/li><li>O navegador vai at\u00e9 a Napoleon Host (<strong>servidor<\/strong>)\u00a0<\/li><li>A Napoleon entrega seus arquivos (<strong>index.html, style.css\u2026<\/strong>)\u00a0<\/li><li>O navegador monta tudo e mostra o site lindo na tela da pessoa<\/li><\/ol><p><strong>Propaga\u00e7\u00e3o (<\/strong><em>tempo corrido desde o momento que se indica o servidor da hospedagem<\/em><strong>) do DNS:<\/strong> \u201cPode demorar at\u00e9 24 h, mas normalmente em 5\u201330 minutos j\u00e1 funciona.\u201d <br \/>\u00a0<strong>Observa\u00e7\u00e3o:<\/strong> \u2013 somente ap\u00f3s a propaga\u00e7\u00e3o do DNS o site poder\u00e1 ser acessado normalmente.<\/p><p>\u2500\u2500\u2500\u2500\u2500\u2500\u2500\u2500\u2500\u2500\u2500\u2500\u2500\u2500\u2500\u2500\u2500\u2500\u2500\u2500\u2500\u2500\u2500\u2500<\/p><p><strong>FECHAMENTO DO M\u00d3DULO 4<\/strong><\/p><p>Olha o que voc\u00ea j\u00e1 conseguiu at\u00e9 agora:<\/p><p>&#8211; Criou o site do zero\u00a0<\/p><p>&#8211; Deixou lindo com CSS\u00a0<\/p><p>&#8211; Publicou de gra\u00e7a em 10 minutos\u00a0<\/p><p>&#8211; E agora tem dom\u00ednio pr\u00f3prio com cara de empresa s\u00e9ria!.<\/p><p>Pr\u00f3ximo m\u00f3dulo (5, 6, 7 e 8) vamos deixar esse site voando:<\/p><p>&#8211; <strong>WordPress<\/strong> com <strong>Elementor<\/strong> (pra quem quiser ainda mais facilidade)\u00a0<\/p><p>&#8211; Backup, seguran\u00e7a, velocidade\u00a0<\/p><p>&#8211; Projeto final + certificado oficial<\/p><p><strong>Tarefa de casa obrigat\u00f3ria (e deliciosa):<\/strong><\/p><p>Manda no grupo o link do seu site no ar (seja seja GitHub, Vercel ou j\u00e1 com dom\u00ednio pr\u00f3prio) com a frase:\u00a0<\/p><p>\u201cLuiz, meu site t\u00e1 no ar gra\u00e7as ao senhor!\u201d<\/p><p>Quero ver esse grupo explodir de links hoje!<\/p><p>Beijo no cora\u00e7\u00e3o de cada um\u2026\u00a0<\/p><p>voc\u00eas j\u00e1 s\u00e3o donos de site na internet!!!.<\/p><p>At\u00e9 a pr\u00f3xima aula, meus campe\u00f5es!\u201d<\/p><p>\u2500\u2500\u2500\u2500\u2500\u2500\u2500\u2500\u2500\u2500\u2500\u2500\u2500\u2500\u2500\u2500\u2500\u2500\u2500\u2500\u2500\u2500\u2500\u2500<\/p><p><strong>QUESTION\u00c1RIO \u2013 M\u00d3DULO 4 <\/strong>\u00a0<\/p><p><em>Tente responder as quest\u00f5es. Anote o seu gabarito. Ao final, envie pelo nosso Whatsapp ou pelo Email de Contato. Envie tamb\u00e9m as d\u00favidas que surgiram e procurarei esclarecer.\u00a0<\/em><\/p><ol><li><strong> Qual \u00e9 o nome exato que voc\u00ea tem que dar no reposit\u00f3rio do GitHub para o GitHub Pages funcionar automaticamente?<\/strong><\/li><li>a) qualquer nome\u00a0<\/li><li>b) meuprojeto.github.io\u00a0<\/li><li>c) seu-usuario.github.io<\/li><li>d) site-pronto<\/li><\/ol><ol start=\"2\"><li><strong>Depois que voc\u00ea sobe os arquivos no GitHub Pages, quanto tempo normalmente demora para o site aparecer na internet?\u00a0 <\/strong><\/li><li>a) 24 horas\u00a0<\/li><li>b) 5 a 30 minutos\u00a0<\/li><li>c) 1 semana\u00a0<\/li><li>d) tem que pagar pra ir mais r\u00e1pido<\/li><\/ol><ol start=\"3\"><li><strong>No Vercel, como voc\u00ea publica o site mais r\u00e1pido do mundo?\u00a0 <\/strong><\/li><li>a) Faz upload manual\u00a0<\/li><li>b) Conecta direto com o reposit\u00f3rio do GitHub e clica \u201cDeploy\u201d<\/li><li>c) Instala um programa no computador\u00a0<\/li><li>d) S\u00f3 funciona se pagar<\/li><\/ol><ol start=\"4\"><li>cancelada<\/li><\/ol><ol start=\"5\"><li><strong>Quando voc\u00ea compra um plano na Napoleon Host pelo link do curso, o que j\u00e1 vem de gra\u00e7a no primeiro ano?\u00a0 <\/strong><\/li><li>a) S\u00f3 hospedagem\u00a0<\/li><li>b) Dom\u00ednio .com.br + SSL (cadeadinho verde)<\/li><li>c) S\u00f3 o SSL\u00a0<\/li><li>d) Tem que comprar separado<\/li><\/ol><ol start=\"6\"><li><strong> Quando algu\u00e9m digita seu dom\u00ednio (ex: www.mariartesanato.com.br), quem \u00e9 o \u201ccarteiro\u201d que traduz o nome bonito para o n\u00famero IP do servidor?\u00a0 <\/strong><\/li><li>a) O navegador\u00a0<\/li><li>b) O DNS\u00a0<\/li><li>c) O WordPress\u00a0<\/li><li>d) O Google<\/li><\/ol><ol start=\"7\"><li><strong>Depois de apontar o dom\u00ednio para a hospedagem, quanto tempo pode levar para funcionar em todos os lugares do mundo?<\/strong><\/li><li>a) Instant\u00e2neo\u00a0<\/li><li>b) At\u00e9 24 horas (propaga\u00e7\u00e3o do DNS)<\/li><li>c) 1 semana\u00a0<\/li><li>d) S\u00f3 funciona no Brasil<\/li><\/ol><ol start=\"8\"><li><strong>Qual dessas op\u00e7\u00f5es deixa o site com link mais \u201cbonitinho\u201d e moderno?<\/strong><\/li><li>a) GitHub Pages\u00a0<\/li><li>b) Vercel<\/li><li>c) Napoleon Host\u00a0<\/li><li>d) As tr\u00eas s\u00e3o iguais<\/li><\/ol><ol start=\"9\"><li><strong>O que aparece no navegador quando o SSL est\u00e1 ativo?\u00a0 <\/strong><\/li><li>a) Um cadeadinho verde<\/li><li>b) Um ponto de exclama\u00e7\u00e3o vermelho\u00a0<\/li><li>c) Uma mensagem \u201csite n\u00e3o seguro\u201d\u00a0<\/li><li>d) Nada muda<\/li><\/ol><ol start=\"10\"><li><strong> (Pergunta aberta \u2013 a mais gostosa!) <\/strong><\/li><\/ol><p>\u00a0\u00a0\u00a0 \u201cManda aqui o LINK do seu site que j\u00e1 est\u00e1 no ar (GitHub, Vercel ou j\u00e1 com dom\u00ednio pr\u00f3prio) + uma frase dizendo como voc\u00ea est\u00e1 se sentindo agora que o mundo inteiro pode ver o seu trabalho.\u00a0<\/p><p>\u2014\u2014\u2014\u2014\u2014\u2014\u2014\u2014\u2014\u2014\u2014\u2014\u2014\u2014\u2014\u2014\u2014\u2014\u2014<\/p><p>\u00a0\u00a0 <strong>FIM DO M\u00d3DULO 4<\/strong><\/p>\t\t\t\t\t\t\t\t<\/div>\n\t\t\t\t<\/div>\n\t\t\t\t<\/div>\n\t\t","protected":false},"excerpt":{"rendered":"<p>Home Como Estudar Curiosidades Curso Completo M\u00f3dulos 0 e 1 M\u00f3dulo 2 M\u00f3dulo 3 M\u00f3dulo 4 M\u00f3dulo 5 M\u00f3dulo 6 Contato X M\u00f3dulo 4 \u00a0 Curso B\u00e1sico de Cria\u00e7\u00e3o de Sites Do Zero ao Site no Ar M\u00d3DULO 4 Conte\u00fado: \u2013 Publicar o site de gra\u00e7a Seu site no ar para o mundo inteiro ver!.\u00a0(da [&hellip;]<\/p>\n","protected":false},"author":1,"featured_media":0,"parent":0,"menu_order":0,"comment_status":"closed","ping_status":"closed","template":"elementor_canvas","meta":{"footnotes":""},"class_list":["post-478","page","type-page","status-publish","hentry"],"_links":{"self":[{"href":"https:\/\/www.curso.familiapimentel.com.br\/curso\/wp-json\/wp\/v2\/pages\/478","targetHints":{"allow":["GET"]}}],"collection":[{"href":"https:\/\/www.curso.familiapimentel.com.br\/curso\/wp-json\/wp\/v2\/pages"}],"about":[{"href":"https:\/\/www.curso.familiapimentel.com.br\/curso\/wp-json\/wp\/v2\/types\/page"}],"author":[{"embeddable":true,"href":"https:\/\/www.curso.familiapimentel.com.br\/curso\/wp-json\/wp\/v2\/users\/1"}],"replies":[{"embeddable":true,"href":"https:\/\/www.curso.familiapimentel.com.br\/curso\/wp-json\/wp\/v2\/comments?post=478"}],"version-history":[{"count":37,"href":"https:\/\/www.curso.familiapimentel.com.br\/curso\/wp-json\/wp\/v2\/pages\/478\/revisions"}],"predecessor-version":[{"id":667,"href":"https:\/\/www.curso.familiapimentel.com.br\/curso\/wp-json\/wp\/v2\/pages\/478\/revisions\/667"}],"wp:attachment":[{"href":"https:\/\/www.curso.familiapimentel.com.br\/curso\/wp-json\/wp\/v2\/media?parent=478"}],"curies":[{"name":"wp","href":"https:\/\/api.w.org\/{rel}","templated":true}]}}