{"id":202,"date":"2026-01-04T21:14:57","date_gmt":"2026-01-04T21:14:57","guid":{"rendered":"https:\/\/www.curso.familiapimentel.com.br\/curso\/?page_id=202"},"modified":"2026-01-12T18:10:13","modified_gmt":"2026-01-12T18:10:13","slug":"home","status":"publish","type":"page","link":"https:\/\/www.curso.familiapimentel.com.br\/curso\/","title":{"rendered":"Home"},"content":{"rendered":"\t\t<div data-elementor-type=\"wp-page\" data-elementor-id=\"202\" class=\"elementor elementor-202\" data-elementor-post-type=\"page\">\n\t\t\t\t<div class=\"elementor-element elementor-element-40a0ed45 e-con-full e-flex e-con e-parent\" data-id=\"40a0ed45\" data-element_type=\"container\" data-e-type=\"container\" data-settings=\"{&quot;background_background&quot;:&quot;classic&quot;}\">\n\t\t<div class=\"elementor-element elementor-element-524ccfb2 e-con-full e-flex e-con e-child\" data-id=\"524ccfb2\" data-element_type=\"container\" data-e-type=\"container\">\n\t\t\t\t<div class=\"elementor-element elementor-element-7a557a2e elementor-widget elementor-widget-image\" data-id=\"7a557a2e\" data-element_type=\"widget\" data-e-type=\"widget\" data-widget_type=\"image.default\">\n\t\t\t\t\t\t\t\t\t\t\t\t\t\t\t<img fetchpriority=\"high\" decoding=\"async\" width=\"800\" height=\"800\" src=\"https:\/\/www.curso.familiapimentel.com.br\/curso\/wp-content\/uploads\/2026\/01\/Logo-_Zero-ao-Site_-1024x1024.jpeg\" class=\"attachment-large size-large wp-image-121\" alt=\"\" srcset=\"https:\/\/www.curso.familiapimentel.com.br\/curso\/wp-content\/uploads\/2026\/01\/Logo-_Zero-ao-Site_-1024x1024.jpeg 1024w, https:\/\/www.curso.familiapimentel.com.br\/curso\/wp-content\/uploads\/2026\/01\/Logo-_Zero-ao-Site_-300x300.jpeg 300w, https:\/\/www.curso.familiapimentel.com.br\/curso\/wp-content\/uploads\/2026\/01\/Logo-_Zero-ao-Site_-150x150.jpeg 150w, https:\/\/www.curso.familiapimentel.com.br\/curso\/wp-content\/uploads\/2026\/01\/Logo-_Zero-ao-Site_-768x768.jpeg 768w, https:\/\/www.curso.familiapimentel.com.br\/curso\/wp-content\/uploads\/2026\/01\/Logo-_Zero-ao-Site_-1536x1536.jpeg 1536w, https:\/\/www.curso.familiapimentel.com.br\/curso\/wp-content\/uploads\/2026\/01\/Logo-_Zero-ao-Site_.jpeg 2048w\" sizes=\"(max-width: 800px) 100vw, 800px\" \/>\t\t\t\t\t\t\t\t\t\t\t\t\t\t\t<\/div>\n\t\t\t\t<\/div>\n\t\t<div class=\"elementor-element elementor-element-7920801 e-con-full e-flex e-con e-child\" data-id=\"7920801\" data-element_type=\"container\" data-e-type=\"container\">\n\t\t\t\t<div class=\"elementor-element elementor-element-724c36ad elementor-widget elementor-widget-ekit-nav-menu\" data-id=\"724c36ad\" data-element_type=\"widget\" data-e-type=\"widget\" data-widget_type=\"ekit-nav-menu.default\">\n\t\t\t\t<div class=\"elementor-widget-container\">\n\t\t\t\t\t\t\t<nav class=\"ekit-wid-con ekit_menu_responsive_tablet\"\n\t\t\tdata-hamburger-icon=\"\"\n\t\t\tdata-hamburger-icon-type=\"icon\"\n\t\t\tdata-responsive-breakpoint=\"1024\">\n\t\t\t            <button class=\"elementskit-menu-hamburger elementskit-menu-toggler\"  type=\"button\" aria-label=\"hamburger-icon\">\n                                    <span class=\"elementskit-menu-hamburger-icon\"><\/span><span class=\"elementskit-menu-hamburger-icon\"><\/span><span class=\"elementskit-menu-hamburger-icon\"><\/span>\n                            <\/button>\n            <div id=\"ekit-megamenu-principal\" class=\"elementskit-menu-container elementskit-menu-offcanvas-elements elementskit-navbar-nav-default ekit-nav-menu-one-page-no ekit-nav-dropdown-hover\"><ul id=\"menu-principal\" class=\"elementskit-navbar-nav elementskit-menu-po-left submenu-click-on-icon\"><li id=\"menu-item-236\" class=\"menu-item menu-item-type-post_type menu-item-object-page menu-item-home menu-item-236 nav-item elementskit-mobile-builder-content\" data-vertical-menu=750px><a href=\"https:\/\/www.curso.familiapimentel.com.br\/curso\/\" class=\"ekit-menu-nav-link\">Home<\/a><\/li>\n<li id=\"menu-item-241\" class=\"menu-item menu-item-type-post_type menu-item-object-page menu-item-has-children menu-item-241 nav-item elementskit-dropdown-has relative_position elementskit-dropdown-menu-default_width elementskit-mobile-builder-content\" data-vertical-menu=750px><a href=\"https:\/\/www.curso.familiapimentel.com.br\/curso\/quem-somos\/\" class=\"ekit-menu-nav-link ekit-menu-dropdown-toggle\">Como Estudar<svg class=\"elementskit-submenu-indicator ekit-svg-icon icon-down-arrow1\" viewBox=\"0 0 32 32\" xmlns=\"http:\/\/www.w3.org\/2000\/svg\"><path d=\"M31.582 8.495c-0.578-0.613-1.544-0.635-2.153-0.059l-13.43 12.723-13.428-12.723c-0.61-0.578-1.574-0.553-2.153 0.059-0.579 0.611-0.553 1.576 0.058 2.155l14.477 13.715c0.293 0.277 0.67 0.418 1.047 0.418s0.756-0.14 1.048-0.418l14.477-13.715c0.611-0.579 0.637-1.544 0.058-2.155z\"><\/path><\/svg><\/a>\n<ul class=\"elementskit-dropdown elementskit-submenu-panel\">\n\t<li id=\"menu-item-238\" class=\"menu-item menu-item-type-post_type menu-item-object-page menu-item-238 nav-item elementskit-mobile-builder-content\" data-vertical-menu=750px><a href=\"https:\/\/www.curso.familiapimentel.com.br\/curso\/curiosidades\/\" class=\" dropdown-item\">Ajuda Importante<\/a><\/ul>\n<\/li>\n<li id=\"menu-item-388\" class=\"menu-item menu-item-type-custom menu-item-object-custom menu-item-has-children menu-item-388 nav-item elementskit-dropdown-has relative_position elementskit-dropdown-menu-default_width elementskit-mobile-builder-content\" data-vertical-menu=750px><a href=\"#\" class=\"ekit-menu-nav-link ekit-menu-dropdown-toggle\">Curso Completo<svg class=\"elementskit-submenu-indicator ekit-svg-icon icon-down-arrow1\" viewBox=\"0 0 32 32\" xmlns=\"http:\/\/www.w3.org\/2000\/svg\"><path d=\"M31.582 8.495c-0.578-0.613-1.544-0.635-2.153-0.059l-13.43 12.723-13.428-12.723c-0.61-0.578-1.574-0.553-2.153 0.059-0.579 0.611-0.553 1.576 0.058 2.155l14.477 13.715c0.293 0.277 0.67 0.418 1.047 0.418s0.756-0.14 1.048-0.418l14.477-13.715c0.611-0.579 0.637-1.544 0.058-2.155z\"><\/path><\/svg><\/a>\n<ul class=\"elementskit-dropdown elementskit-submenu-panel\">\n\t<li id=\"menu-item-239\" class=\"menu-item menu-item-type-post_type menu-item-object-page menu-item-239 nav-item elementskit-mobile-builder-content\" data-vertical-menu=750px><a href=\"https:\/\/www.curso.familiapimentel.com.br\/curso\/curso-modulos-0-e-1\/\" class=\" dropdown-item\">M\u00f3dulos 0 e 1<\/a>\t<li id=\"menu-item-436\" class=\"menu-item menu-item-type-post_type menu-item-object-page menu-item-436 nav-item elementskit-mobile-builder-content\" data-vertical-menu=750px><a href=\"https:\/\/www.curso.familiapimentel.com.br\/curso\/modulo-2\/\" class=\" dropdown-item\">M\u00f3dulo 2<\/a>\t<li id=\"menu-item-469\" class=\"menu-item menu-item-type-post_type menu-item-object-page menu-item-469 nav-item elementskit-mobile-builder-content\" data-vertical-menu=750px><a href=\"https:\/\/www.curso.familiapimentel.com.br\/curso\/modulo-3\/\" class=\" dropdown-item\">M\u00f3dulo 3<\/a>\t<li id=\"menu-item-499\" class=\"menu-item menu-item-type-post_type menu-item-object-page menu-item-499 nav-item elementskit-mobile-builder-content\" data-vertical-menu=750px><a href=\"https:\/\/www.curso.familiapimentel.com.br\/curso\/modulo-4\/\" class=\" dropdown-item\">M\u00f3dulo 4<\/a>\t<li id=\"menu-item-537\" class=\"menu-item menu-item-type-post_type menu-item-object-page menu-item-537 nav-item elementskit-mobile-builder-content\" data-vertical-menu=750px><a href=\"https:\/\/www.curso.familiapimentel.com.br\/curso\/modulo-5\/\" class=\" dropdown-item\">M\u00f3dulo 5<\/a>\t<li id=\"menu-item-562\" class=\"menu-item menu-item-type-post_type menu-item-object-page menu-item-562 nav-item elementskit-mobile-builder-content\" data-vertical-menu=750px><a href=\"https:\/\/www.curso.familiapimentel.com.br\/curso\/modulo-6\/\" class=\" dropdown-item\">M\u00f3dulo 6<\/a><\/ul>\n<\/li>\n<li id=\"menu-item-237\" class=\"menu-item menu-item-type-post_type menu-item-object-page menu-item-237 nav-item elementskit-mobile-builder-content\" data-vertical-menu=750px><a href=\"https:\/\/www.curso.familiapimentel.com.br\/curso\/contato\/\" class=\"ekit-menu-nav-link\">Contato<\/a><\/li>\n<\/ul><div class=\"elementskit-nav-identity-panel\"><button class=\"elementskit-menu-close elementskit-menu-toggler\" type=\"button\">X<\/button><\/div><\/div>\n\t\t\t<div class=\"elementskit-menu-overlay elementskit-menu-offcanvas-elements elementskit-menu-toggler ekit-nav-menu--overlay\"><\/div>        <\/nav>\n\t\t\t\t\t\t<\/div>\n\t\t\t\t<\/div>\n\t\t\t\t<\/div>\n\t\t\t\t<\/div>\n\t\t<div class=\"elementor-element elementor-element-a3c8807 e-con-full e-flex e-con e-parent\" data-id=\"a3c8807\" data-element_type=\"container\" data-e-type=\"container\">\n\t\t\t\t<div class=\"elementor-element elementor-element-63c90a4 elementor-widget elementor-widget-heading\" data-id=\"63c90a4\" data-element_type=\"widget\" data-e-type=\"widget\" data-widget_type=\"heading.default\">\n\t\t\t\t\t<h2 class=\"elementor-heading-title elementor-size-default\">Home<\/h2>\t\t\t\t<\/div>\n\t\t\t\t<\/div>\n\t\t<div class=\"elementor-element elementor-element-9de51be e-con-full e-flex e-con e-parent\" data-id=\"9de51be\" data-element_type=\"container\" data-e-type=\"container\">\n\t\t<div class=\"elementor-element elementor-element-04a008b e-con-full e-flex e-con e-child\" data-id=\"04a008b\" data-element_type=\"container\" data-e-type=\"container\">\n\t\t\t\t<div class=\"elementor-element elementor-element-da84fd2 elementor-widget elementor-widget-text-editor\" data-id=\"da84fd2\" data-element_type=\"widget\" data-e-type=\"widget\" data-widget_type=\"text-editor.default\">\n\t\t\t\t\t\t\t\t\t<p>Bem-vindo(a) ao **Do Zero ao Site no Ar** Curso gratuito com carinho do Luiz Pimentel.<br \/>Aqui n\u00e3o tem pressa, n\u00e3o tem cobran\u00e7a, n\u00e3o tem segredo complicado. Aqui tem m\u00e3o na massa, paci\u00eancia de av\u00f4 e a certeza de que **qualquer pessoa** \u2014 sim, qualquer uma \u2014 pode criar seu pr\u00f3prio site bonito, funcional e com dom\u00ednio pr\u00f3prio. <br \/>Eu tenho mais de 70 anos e comecei do zero tamb\u00e9m. Se eu consegui aprender, ensinar e colocar site no ar\u2026 imagine o que voc\u00ea, com sua energia e sua hist\u00f3ria, pode fazer!. <br \/>Este curso \u00e9 um presente:<br \/>&#8211; Sem pagar nada <br \/>&#8211; Sem cobran\u00e7a de tempo <br \/>&#8211; Com todo o apoio que eu puder dar <br \/>Voc\u00ea vai aprender sobre HTML, CSS, WordPress, hospedagem, seguran\u00e7a\u2026 mas o mais importante: vai descobrir que **voc\u00ea \u00e9 capaz**. <br \/>Capaz de transformar uma ideia em p\u00e1gina que o mundo inteiro pode ver.<br \/>Capaz de vender seu artesanato, mostrar suas fotos, contar sua hist\u00f3ria.<br \/>Ent\u00e3o respira fundo, pega um caf\u00e9 (ou um chazinho), e vem comigo, um m\u00f3dulo de cada vez. No seu ritmo. No seu tempo. Com toda a tranquilidade do mundo. Porque o seu site n\u00e3o \u00e9 s\u00f3 c\u00f3digo. \u00c9 o seu nome brilhando na internet. E eu estou aqui torcendo, do come\u00e7o ao fim. <br \/>Comece agora. <br \/>O primeiro passo \u00e9 o mais bonito de todos. <br \/>Com carinho e orgulho de te acompanhar:<br \/>Luiz Pimentel (seu parceiro nessa jornada).\u00a0<\/p>\t\t\t\t\t\t\t\t<\/div>\n\t\t\t\t<\/div>\n\t\t\t\t<\/div>\n\t\t\t\t<\/div>\n\t\t","protected":false},"excerpt":{"rendered":"<p>Home Como Estudar Curiosidades Curso Completo M\u00f3dulos 0 e 1 M\u00f3dulo 2 M\u00f3dulo 3 M\u00f3dulo 4 M\u00f3dulo 5 M\u00f3dulo 6 Contato X Home Bem-vindo(a) ao **Do Zero ao Site no Ar** Curso gratuito com carinho do Luiz Pimentel.Aqui n\u00e3o tem pressa, n\u00e3o tem cobran\u00e7a, n\u00e3o tem segredo complicado. Aqui tem m\u00e3o na massa, paci\u00eancia de [&hellip;]<\/p>\n","protected":false},"author":1,"featured_media":0,"parent":0,"menu_order":0,"comment_status":"closed","ping_status":"closed","template":"elementor_canvas","meta":{"footnotes":""},"class_list":["post-202","page","type-page","status-publish","hentry"],"_links":{"self":[{"href":"https:\/\/www.curso.familiapimentel.com.br\/curso\/wp-json\/wp\/v2\/pages\/202","targetHints":{"allow":["GET"]}}],"collection":[{"href":"https:\/\/www.curso.familiapimentel.com.br\/curso\/wp-json\/wp\/v2\/pages"}],"about":[{"href":"https:\/\/www.curso.familiapimentel.com.br\/curso\/wp-json\/wp\/v2\/types\/page"}],"author":[{"embeddable":true,"href":"https:\/\/www.curso.familiapimentel.com.br\/curso\/wp-json\/wp\/v2\/users\/1"}],"replies":[{"embeddable":true,"href":"https:\/\/www.curso.familiapimentel.com.br\/curso\/wp-json\/wp\/v2\/comments?post=202"}],"version-history":[{"count":43,"href":"https:\/\/www.curso.familiapimentel.com.br\/curso\/wp-json\/wp\/v2\/pages\/202\/revisions"}],"predecessor-version":[{"id":710,"href":"https:\/\/www.curso.familiapimentel.com.br\/curso\/wp-json\/wp\/v2\/pages\/202\/revisions\/710"}],"wp:attachment":[{"href":"https:\/\/www.curso.familiapimentel.com.br\/curso\/wp-json\/wp\/v2\/media?parent=202"}],"curies":[{"name":"wp","href":"https:\/\/api.w.org\/{rel}","templated":true}]}}